{"id":509,"date":"2024-12-12T15:56:38","date_gmt":"2024-12-12T15:56:38","guid":{"rendered":"https:\/\/www.winrevair.com\/es-us\/?page_id=509"},"modified":"2025-06-05T09:54:16","modified_gmt":"2025-06-05T09:54:16","slug":"sitemap","status":"publish","type":"page","link":"https:\/\/www.winrevair.com\/es-us\/sitemap\/","title":{"rendered":"Sitemap"},"content":{"rendered":"<link rel='stylesheet' id='vivid360-row-module-css-css' href='https:\/\/www.winrevair.com\/es-us\/wp-content\/themes\/cex-wpvip-mhh-merck-vivid360-theme-1-12\/blocks\/row\/css\/style.min.css?ver=6.8.5' media='all' \/>\n\n<div style=\"border-width:0px;border-style:;border-radius:0;background-color: !important\" class=\"wp-block-vivid360-row vivid360-row hcp-wide-bg-width full-page-width\"><div class=\"cropped\" id=\"rowec989118-a17a-4268-abe4-a58c2e2e8639\"><div style=\"padding-top:0px;padding-bottom:0px;padding-right:0px;padding-left:0px\" class=\"row-content wide-width hcp-wide-width\"><link rel='stylesheet' id='vivid360-spacer-css-css' href='https:\/\/www.winrevair.com\/es-us\/wp-content\/themes\/cex-wpvip-mhh-merck-vivid360-theme-1-12\/blocks\/spacer\/css\/style.min.css?ver=1765194012' media='all' \/>\n\n<div style=\"background-color:transparent;--desktop-spacer:72px;--mobile-spacer:24px;--tablet-spacer:72px\" class=\"wp-block-vivid360-spacer vivid360-spacer-desktop vivid360-spacer-mobile vivid360-spacer-tablet\"><\/div>\n\n\n<link rel='stylesheet' id='vivid360-heading-css-css' href='https:\/\/www.winrevair.com\/es-us\/wp-content\/themes\/cex-wpvip-mhh-merck-vivid360-theme-1-12\/blocks\/heading\/css\/style.min.css?ver=1765194012' media='all' \/>\n\n<div class=\"vivid360-heading default-hcp-fontsize default-hcp-tablet-fontsize default-hcp-mobile-fontsize\" id=\"a165570db-8e0a-403a-bfee-a2033dacfad4\"><h1 class=\"content-width fontWeightRegular\" style=\"color:#12243d;--desktopFontSize:var(--h1FontSizeDesktop);--tabletFontSize:var(--h1FontSizeDesktop);--mobileFontSize:var(--h1FontSizeMobile);--desktopLineHeightSize:var(--h1LineHeightDesktop);--tabletLineHeightSize:var(--h1LineHeightDesktop);--mobileLineHeightSize:\" id=\"\"><strong>Mapa del sitio<\/strong><\/h1><\/div>\n\n\n\n<div style=\"background-color:transparent;--desktop-spacer:24px;--mobile-spacer:32px;--tablet-spacer:24px\" class=\"wp-block-vivid360-spacer vivid360-spacer-desktop vivid360-spacer-mobile vivid360-spacer-tablet\"><\/div>\n\n\n\n<div class=\"paragraph-wrapper wp-elements-f3440fc4c0ef3853a02716f46a4855ed\"><div class=\"_c3a6871e-fa18-4674-aa29-1a5e9cfe227c \" id=\"\"><p class=\"has-primary-color has-text-color has-link-color has-large-font-size\"><strong><a href=\"https:\/\/www.winrevair.com\/es-us\/recursos\/\">Para Comenzar<\/a><\/strong><\/p><\/div><\/div>\n\n\n\n<div style=\"background-color:transparent;height:8px\" class=\"wp-block-vivid360-spacer vivid360-spacer spacer-8\"><\/div>\n\n\n\n<div class=\"paragraph-wrapper wp-elements-65fe57d6fdb8652b76578b5509521bed\"><div class=\"_56c36f03-9471-488f-a409-00acdd5d019a \" id=\"\"><p class=\"has-primary-color has-text-color has-link-color has-large-font-size\"><strong><a href=\"https:\/\/www.winrevair.com\/es-us\/como-tomar-winrevair\/\">C\u00f3mo Tomar WINREVAIR<\/a><\/strong><\/p><\/div><\/div>\n\n\n\n<div style=\"background-color:transparent;height:8px\" class=\"wp-block-vivid360-spacer vivid360-spacer spacer-8\"><\/div>\n\n\n\n<div class=\"paragraph-wrapper wp-elements-6754d78ad87c9b40bf83cf0c4ef8973e\"><div class=\"_619989a5-a5d2-4c45-8adf-d41e55b6adaf \" id=\"\"><p class=\"has-primary-color has-text-color has-link-color\" style=\"font-size:20px\"><strong><span class=\"interstitial-hcp-link\"><a href=\"https:\/\/www.merckconnect.com\/winrevair\/\">Para Profesionales de la Salud<\/a><\/span><\/strong><\/p><\/div><\/div>\n\n\n\n<div style=\"background-color:transparent;--desktop-spacer:32px;--mobile-spacer:24px;--tablet-spacer:32px\" class=\"wp-block-vivid360-spacer vivid360-spacer-desktop vivid360-spacer-mobile vivid360-spacer-tablet\"><\/div>\n\n\n\n<div class=\"paragraph-wrapper\"><div class=\"_111e06aa-88d6-4de4-8320-663e737fcf19 \" id=\"\"><p class=\"has-primary-color has-text-color\" style=\"font-size:24px\"><strong>Enlaces \u00fatiles<\/strong><\/p><\/div><\/div>\n\n\n\n<div style=\"background-color:transparent;height:8px\" class=\"wp-block-vivid360-spacer vivid360-spacer spacer-8\"><\/div>\n\n\n\n<div class=\"paragraph-wrapper wp-elements-70fa860bbf9087b165a88f6f5743b160\"><div class=\"_b4675078-952f-4c3f-85f6-3178cea50685 \" id=\"\"><p class=\"has-primary-color has-text-color has-link-color\" style=\"font-size:20px\"><strong><a href=\"https:\/\/www.merck.com\/usa-labeling-translations\/winrevair_ppi_sp.pdf\" target=\"_blank\" rel=\"noreferrer noopener\">Informaci\u00f3n para el paciente &#8211; Espa\u00f1ol<\/a><\/strong><\/p><\/div><\/div>\n\n\n\n<div style=\"background-color:transparent;height:8px\" class=\"wp-block-vivid360-spacer vivid360-spacer spacer-8\"><\/div>\n\n\n\n<div class=\"paragraph-wrapper wp-elements-26025cf4f4a8017008aebe9c144759ec\"><div class=\"_ab76dbe3-35d2-4c09-90e9-a0b20e170367 \" id=\"\"><p class=\"has-primary-color has-text-color has-link-color\" style=\"font-size:20px\"><strong><a href=\"https:\/\/www.merck.com\/product\/usa\/pi_circulars\/w\/winrevair\/winrevair_ppi.pdf\" target=\"_blank\" rel=\"noreferrer noopener\">Patient Information &#8211; English<\/a><\/strong><\/p><\/div><\/div>\n\n\n\n<div style=\"background-color:transparent;height:8px\" class=\"wp-block-vivid360-spacer vivid360-spacer spacer-8\"><\/div>\n\n\n\n<div class=\"paragraph-wrapper wp-elements-74772d0e9da92d3dc824202aaf3d17a8\"><div class=\"_80492842-a8b4-4d38-8e79-2a7f041e8a8c \" id=\"\"><p class=\"has-primary-color has-text-color has-link-color\" style=\"font-size:20px\"><strong><a href=\"https:\/\/www.merck.com\/usa-labeling-translations\/winrevair_pi_sp.pdf\" target=\"_blank\" rel=\"noreferrer noopener\">Informaci\u00f3n de prescripci\u00f3n &#8211; Espa\u00f1ol<\/a><\/strong><\/p><\/div><\/div>\n\n\n\n<div style=\"background-color:transparent;height:8px\" class=\"wp-block-vivid360-spacer vivid360-spacer spacer-8\"><\/div>\n\n\n\n<div class=\"paragraph-wrapper wp-elements-2ad50e274b6015b5f5ecf28899fcef89\"><div class=\"_e754f0b3-cf26-4106-98db-dcd3b75bd0e7 \" id=\"\"><p class=\"has-primary-color has-text-color has-link-color\" style=\"font-size:20px\"><strong><a href=\"https:\/\/www.merck.com\/product\/usa\/pi_circulars\/w\/winrevair\/winrevair_pi.pdf\" target=\"_blank\" rel=\"noreferrer noopener\">Prescribing Information &#8211; English<\/a><\/strong><\/p><\/div><\/div>\n\n\n\n<div style=\"background-color:transparent;height:8px\" class=\"wp-block-vivid360-spacer vivid360-spacer spacer-8\"><\/div>\n\n\n\n<div class=\"paragraph-wrapper wp-elements-914b2b94fabe2b38aec15e4ab70d2b45\"><div class=\"_6e32f64b-9deb-4c73-a405-240510e9f157 \" id=\"\"><p class=\"has-primary-color has-text-color has-link-color\" style=\"font-size:20px\"><strong><a href=\"https:\/\/www.merck.com\/usa-labeling-translations\/winrevair_ifu_1-vial_2-vial_kits_sp.pdf\">Instrucciones de uso (kit de 1 vial, kit de 2 viales) \u2013 Espa\u00f1ol<\/a><\/strong><\/p><\/div><\/div>\n\n\n\n<div style=\"background-color:transparent;height:8px\" class=\"wp-block-vivid360-spacer vivid360-spacer spacer-8\"><\/div>\n\n\n\n<div class=\"paragraph-wrapper wp-elements-9f3884217ae6df79dee2f6926fbe00fd\"><div class=\"_d244a1f2-1178-420f-abf2-fca12c45d8e9 \" id=\"\"><p class=\"has-primary-color has-text-color has-link-color\" style=\"font-size:20px\"><strong><a href=\"https:\/\/www.merck.com\/product\/usa\/pi_circulars\/w\/winrevair\/winrevair_ifu_1-vial_2-vial_kits.pdf\" target=\"_blank\" rel=\"noreferrer noopener\">Instructions for Use (1-Vial kit, <span class=\"no-wrap-text\">2-Vial kit<\/span>) &#8211; English<\/a><\/strong><\/p><\/div><\/div>\n\n\n\n<div style=\"background-color:transparent;height:8px\" class=\"wp-block-vivid360-spacer vivid360-spacer spacer-8\"><\/div>\n\n\n\n<div class=\"paragraph-wrapper wp-elements-e011904c17483f4245a05d2243fbd836\"><div class=\"_6f2d16f1-2d99-4a9e-811b-401028671580 \" id=\"\"><p class=\"has-primary-color has-text-color has-link-color\" style=\"font-size:20px\"><strong><a href=\"https:\/\/www.winrevair.com\/\" target=\"_blank\" rel=\"noreferrer noopener\">WINREVAIR English Website<\/a><\/strong><\/p><\/div><\/div>\n\n\n\n<div style=\"background-color:transparent;height:8px\" class=\"wp-block-vivid360-spacer vivid360-spacer spacer-8\"><\/div>\n\n\n\n<div class=\"paragraph-wrapper wp-elements-81de8c3b804368f95f7a63deeaa94f5f\"><div class=\"_c8e05606-8bb2-4a16-a905-617ea102bb6a \" id=\"\"><p class=\"has-primary-color has-text-color has-link-color\" style=\"font-size:20px\"><strong><a href=\"https:\/\/www.msdprivacy.com\/us\/en\/\" target=\"_blank\" rel=\"noreferrer noopener\">Pol\u00edtica de privacidad<\/a><\/strong><\/p><\/div><\/div>\n\n\n\n<div style=\"background-color:transparent;height:8px\" class=\"wp-block-vivid360-spacer vivid360-spacer spacer-8\"><\/div>\n\n\n\n<div class=\"paragraph-wrapper wp-elements-6ba51bb5698ea34953d6b61c77cc1783\"><div class=\"_35c4bee7-213c-4675-af93-fe01bcc0e793 \" id=\"\"><p class=\"has-primary-color has-text-color has-link-color\" style=\"font-size:20px\"><strong><a href=\"https:\/\/www.merck.com\/terms-of-use\/\" target=\"_blank\" rel=\"noreferrer noopener\">Condiciones de uso<\/a><\/strong><\/p><\/div><\/div>\n\n\n\n<div style=\"background-color:transparent;--desktop-spacer:72px;--mobile-spacer:24px;--tablet-spacer:72px\" class=\"wp-block-vivid360-spacer vivid360-spacer-desktop vivid360-spacer-mobile vivid360-spacer-tablet\"><\/div>\n<\/div><\/div><\/div>\n","protected":false},"excerpt":{"rendered":"","protected":false},"author":389,"featured_media":0,"parent":0,"menu_order":0,"comment_status":"closed","ping_status":"closed","template":"","meta":{"_acf_changed":false,"_trash_the_other_posts":false,"editor_notices":[],"footnotes":""},"class_list":["post-509","page","type-page","status-publish"],"yoast_head":"<!-- This site is optimized with the Yoast SEO plugin v27.4 - https:\/\/yoast.com\/product\/yoast-seo-wordpress\/ -->\n<title>Sitemap - winrevair-es<\/title>\n<meta name=\"robots\" content=\"index, follow, max-snippet:-1, max-image-preview:large, max-video-preview:-1\" \/>\n<link rel=\"canonical\" href=\"https:\/\/www.winrevair.com\/es-us\/sitemap\/\" \/>\n<meta property=\"og:locale\" content=\"en_US\" \/>\n<meta property=\"og:type\" content=\"article\" \/>\n<meta property=\"og:title\" content=\"Sitemap - winrevair-es\" \/>\n<meta property=\"og:url\" content=\"https:\/\/www.winrevair.com\/es-us\/sitemap\/\" \/>\n<meta property=\"og:site_name\" content=\"winrevair-es\" \/>\n<meta property=\"article:modified_time\" content=\"2025-06-05T09:54:16+00:00\" \/>\n<meta name=\"twitter:card\" content=\"summary_large_image\" \/>\n<meta name=\"twitter:label1\" content=\"Est. reading time\" \/>\n\t<meta name=\"twitter:data1\" content=\"1 minute\" \/>\n<!-- \/ Yoast SEO plugin. -->","yoast_head_json":{"title":"Sitemap - winrevair-es","robots":{"index":"index","follow":"follow","max-snippet":"max-snippet:-1","max-image-preview":"max-image-preview:large","max-video-preview":"max-video-preview:-1"},"canonical":"https:\/\/www.winrevair.com\/es-us\/sitemap\/","og_locale":"en_US","og_type":"article","og_title":"Sitemap - winrevair-es","og_url":"https:\/\/www.winrevair.com\/es-us\/sitemap\/","og_site_name":"winrevair-es","article_modified_time":"2025-06-05T09:54:16+00:00","twitter_card":"summary_large_image","twitter_misc":{"Est. reading time":"1 minute"},"schema":{"@context":"https:\/\/schema.org","@graph":[{"@type":"WebPage","@id":"https:\/\/www.winrevair.com\/es-us\/sitemap\/","url":"https:\/\/www.winrevair.com\/es-us\/sitemap\/","name":"Sitemap - winrevair-es","isPartOf":{"@id":"https:\/\/www.winrevair.com\/es-us\/#website"},"datePublished":"2024-12-12T15:56:38+00:00","dateModified":"2025-06-05T09:54:16+00:00","breadcrumb":{"@id":"https:\/\/www.winrevair.com\/es-us\/sitemap\/#breadcrumb"},"inLanguage":"en-US","potentialAction":[{"@type":"ReadAction","target":["https:\/\/www.winrevair.com\/es-us\/sitemap\/"]}]},{"@type":"BreadcrumbList","@id":"https:\/\/www.winrevair.com\/es-us\/sitemap\/#breadcrumb","itemListElement":[{"@type":"ListItem","position":1,"name":"Home","item":"https:\/\/www.winrevair.com\/es-us\/"},{"@type":"ListItem","position":2,"name":"Sitemap"}]},{"@type":"WebSite","@id":"https:\/\/www.winrevair.com\/es-us\/#website","url":"https:\/\/www.winrevair.com\/es-us\/","name":"winrevair-es","description":"","potentialAction":[{"@type":"SearchAction","target":{"@type":"EntryPoint","urlTemplate":"https:\/\/www.winrevair.com\/es-us\/?s={search_term_string}"},"query-input":{"@type":"PropertyValueSpecification","valueRequired":true,"valueName":"search_term_string"}}],"inLanguage":"en-US"}]}},"acf":[],"_links":{"self":[{"href":"https:\/\/www.winrevair.com\/es-us\/wp-json\/wp\/v2\/pages\/509","targetHints":{"allow":["GET"]}}],"collection":[{"href":"https:\/\/www.winrevair.com\/es-us\/wp-json\/wp\/v2\/pages"}],"about":[{"href":"https:\/\/www.winrevair.com\/es-us\/wp-json\/wp\/v2\/types\/page"}],"author":[{"embeddable":true,"href":"https:\/\/www.winrevair.com\/es-us\/wp-json\/wp\/v2\/users\/389"}],"replies":[{"embeddable":true,"href":"https:\/\/www.winrevair.com\/es-us\/wp-json\/wp\/v2\/comments?post=509"}],"version-history":[{"count":3,"href":"https:\/\/www.winrevair.com\/es-us\/wp-json\/wp\/v2\/pages\/509\/revisions"}],"predecessor-version":[{"id":588,"href":"https:\/\/www.winrevair.com\/es-us\/wp-json\/wp\/v2\/pages\/509\/revisions\/588"}],"wp:attachment":[{"href":"https:\/\/www.winrevair.com\/es-us\/wp-json\/wp\/v2\/media?parent=509"}],"curies":[{"name":"wp","href":"https:\/\/api.w.org\/{rel}","templated":true}]}}