{"id":505,"date":"2024-12-12T15:52:56","date_gmt":"2024-12-12T15:52:56","guid":{"rendered":"https:\/\/www.winrevair.com\/es-us\/?page_id=505"},"modified":"2025-06-06T11:10:50","modified_gmt":"2025-06-06T11:10:50","slug":"como-tomar-winrevair","status":"publish","type":"page","link":"https:\/\/www.winrevair.com\/es-us\/como-tomar-winrevair\/","title":{"rendered":"como tomar winrevair"},"content":{"rendered":"<link rel='stylesheet' id='vivid360-row-module-css-css' href='https:\/\/www.winrevair.com\/es-us\/wp-content\/themes\/cex-wpvip-mhh-merck-vivid360-theme-1-12\/blocks\/row\/css\/style.min.css?ver=6.8.5' media='all' \/>\n\n<div style=\"border-width:0px;border-style:;border-radius:0;background-color: !important\" class=\"wp-block-vivid360-row vivid360-row hcp-wide-bg-width has-primary-background-color full-page-width\"><div class=\"cropped\" id=\"row3709da2a-e389-486e-a643-4df2c80e2211\"><div style=\"padding-top:0px;padding-bottom:0px;padding-right:0px;padding-left:0px\" class=\"row-content wide-width hcp-wide-width\"><link rel='stylesheet' id='vivid360-spacer-css-css' href='https:\/\/www.winrevair.com\/es-us\/wp-content\/themes\/cex-wpvip-mhh-merck-vivid360-theme-1-12\/blocks\/spacer\/css\/style.min.css?ver=1766071753' media='all' \/>\n\n<div style=\"background-color:transparent;--desktop-spacer:2px;--mobile-spacer:24px;--tablet-spacer:2px\" class=\"wp-block-vivid360-spacer vivid360-spacer-desktop vivid360-spacer-mobile vivid360-spacer-tablet\"><\/div>\n\n\n\n<div class=\"wp-block-columns are-vertically-aligned-center is-layout-flex wp-container-core-columns-is-layout-9d6595d7 wp-block-columns-is-layout-flex\">\n<div class=\"wp-block-column is-vertically-aligned-center is-layout-flow wp-block-column-is-layout-flow\"><link rel='stylesheet' id='vivid360-image-css-css' href='https:\/\/www.winrevair.com\/es-us\/wp-content\/themes\/cex-wpvip-mhh-merck-vivid360-theme-1-12\/blocks\/image\/css\/style.min.css?ver=1766071753' media='all' \/>\n\n<div class=\"wp-block-vivid360-image\"><div class=\"img-container mt-0 ml-0 mr-0 mb-0\"><figure class=\"wp-block-vivid360-image is-style-default has-mobile-image aligncenter size-large\"><img loading=\"lazy\" decoding=\"async\" width=\"552\" height=\"226\" src=\"https:\/\/www.winrevair.com\/es-us\/wp-content\/uploads\/sites\/164\/2024\/12\/winreavair-taking-gettingstarted.svg\" alt=\"WINREVAIR\u2122 (sotatercept-csrk) Logo\" class=\"wp-image-538  style-noshadow\" style=\"height:auto;width:auto\" srcset=\"https:\/\/www.winrevair.com\/es-us\/wp-content\/uploads\/sites\/164\/\/2024\/12\/winreavair-taking-gettingstarted.svg 552w, https:\/\/www.winrevair.com\/es-us\/wp-content\/uploads\/sites\/164\/\/2024\/12\/winreavair-taking-gettingstarted.svg?resize=300,123 300w\" sizes=\"auto, (max-width: 552px) 100vw, 552px\" \/><img decoding=\"async\" src=\"https:\/\/www.winrevair.com\/es-us\/wp-content\/uploads\/sites\/164\/2024\/12\/winrevair-takinggettingmob.svg\" alt=\"WINREVAIR\u2122 (sotatercept-csrk) Logo\" class=\"wp-image-539  style-noshadow mobile-image\" width=\"auto\" height=\"auto\" title=\"WINREVAIR\u2122 (sotatercept-csrk) Logo\" style=\"height:auto;width:auto\" srcset=\"https:\/\/www.winrevair.com\/es-us\/wp-content\/uploads\/sites\/164\/\/2024\/12\/winrevair-takinggettingmob.svg 343w, https:\/\/www.winrevair.com\/es-us\/wp-content\/uploads\/sites\/164\/\/2024\/12\/winrevair-takinggettingmob.svg?resize=300,78 300w\" sizes=\"(max-width: 343px) 100vw, 343px\" \/><\/figure><\/div><\/div>\n<\/div>\n\n\n\n<div class=\"wp-block-column is-vertically-aligned-center is-layout-flow wp-block-column-is-layout-flow\"><link rel='stylesheet' id='vivid360-heading-css-css' href='https:\/\/www.winrevair.com\/es-us\/wp-content\/themes\/cex-wpvip-mhh-merck-vivid360-theme-1-12\/blocks\/heading\/css\/style.min.css?ver=1766071753' media='all' \/>\n\n<div class=\"vivid360-heading default-hcp-fontsize default-hcp-tablet-fontsize default-hcp-mobile-fontsize\" id=\"a43b25f81-3659-4527-8097-3a40025439ae\"><h1 class=\"has-white-color has-primary-background-color content-width fontWeightRegular\" style=\"--desktopFontSize:var(--h1FontSizeDesktop);--tabletFontSize:var(--h1FontSizeDesktop);--mobileFontSize:var(--h1FontSizeMobile);--desktopLineHeightSize:var(--h1LineHeightDesktop);--tabletLineHeightSize:var(--h1LineHeightDesktop);--mobileLineHeightSize:;--mobileAlign:center\" id=\"\"><strong>C\u00f3mo Tomar WINREVAIR <span class=\"no-wrap-text\">(sotatercept-csrk)<\/span><\/strong><\/h1><\/div>\n<\/div>\n<\/div>\n\n\n\n<div style=\"background-color:transparent;--desktop-spacer:2px;--mobile-spacer:24px;--tablet-spacer:2px\" class=\"wp-block-vivid360-spacer vivid360-spacer-desktop vivid360-spacer-mobile vivid360-spacer-tablet\"><\/div>\n<\/div><\/div><\/div>\n\n\n\n<div style=\"border-width:0px;border-style:;border-radius:0\" class=\"wp-block-vivid360-row vivid360-row hcp-wide-bg-width has-secondary-1-background-color full-page-width\"><div class=\"stretch\" id=\"row703f906f-2f2a-4e3d-a2e8-1d55129aff86\"><div style=\"padding-top:0px;padding-bottom:0px;padding-right:0px;padding-left:0px\" class=\"row-content narrow-width hcp-wide-width\">\n<div style=\"background-color:transparent;--desktop-spacer:40px;--mobile-spacer:40px;--tablet-spacer:40px\" class=\"wp-block-vivid360-spacer vivid360-spacer-desktop vivid360-spacer-mobile vivid360-spacer-tablet\"><\/div>\n\n\n\n<div class=\"vivid360-heading default-hcp-tablet-fontsize\" id=\"a67c8ba97-c634-492d-b68c-eaba2402cfa8\"><h2 class=\"has-primary-dark-color has-text-align-center content-width fontWeightRegular\" style=\"--desktopFontSize:24px;--tabletFontSize:var(--h2FontSizeDesktop);--mobileFontSize:24px;--desktopLineHeightSize:36px;--tabletLineHeightSize:var(--h2LineHeightDesktop);--mobileLineHeightSize:;--tabletAlign:center;--mobileAlign:center\" id=\"\"><strong>Puedes ver los videos de Instrucciones de uso en cualquier momento.<\/strong><\/h2><\/div>\n\n\n\n<div style=\"background-color:transparent;--desktop-spacer:16px;--mobile-spacer:24px;--tablet-spacer:16px\" class=\"wp-block-vivid360-spacer vivid360-spacer-desktop vivid360-spacer-mobile vivid360-spacer-tablet\"><\/div>\n\n\n\n<p class=\"has-text-align-center has-dark-text-color has-text-color has-large-font-size\">Tambi\u00e9n hay Preguntas frecuentes&nbsp;al final de cada video.<\/p>\n\n\n\n<div style=\"background-color:transparent;--desktop-spacer:40px;--mobile-spacer:40px;--tablet-spacer:40px\" class=\"wp-block-vivid360-spacer vivid360-spacer-desktop vivid360-spacer-mobile vivid360-spacer-tablet\"><\/div>\n<\/div><\/div><\/div>\n\n\n\n<div style=\"background-color:transparent;--desktop-spacer:80px;--mobile-spacer:40px;--tablet-spacer:80px\" class=\"wp-block-vivid360-spacer vivid360-spacer-desktop vivid360-spacer-mobile vivid360-spacer-tablet\"><\/div>\n\n\n\n<div style=\"border-width:0px;border-style:;border-radius:0;background-color: !important\" class=\"wp-block-vivid360-row vivid360-row hcp-wide-bg-width full-page-width\"><div class=\"cropped\" id=\"row0543caa1-cde7-4397-a3ad-f883015af33e\"><div style=\"padding-top:0px;padding-bottom:0px;padding-right:0px;padding-left:0px\" class=\"row-content narrow-width hcp-wide-width\">\n<div class=\"paragraph-wrapper wp-elements-696408ea1174a8c37212245b16fc77de\"><div class=\"_3071ece1-b7a3-4e30-96d1-698d6b42f093 \" id=\"\"><p class=\"has-text-align-center has-dark-text-color has-text-color has-link-color\" style=\"font-size:24px\"><strong>Elige el video del kit que te haya recetado tu m\u00e9dico. Si no est\u00e1s seguro, consulta con tu proveedor de atenci\u00f3n m\u00e9dica.<\/strong><\/p><\/div><\/div>\n<\/div><\/div><\/div>\n\n\n\n<div style=\"border-width:0px;border-style:;border-radius:0;background-color: !important\" class=\"wp-block-vivid360-row vivid360-row hcp-wide-bg-width full-page-width\"><div class=\"cropped\" id=\"row9389a99c-050f-4cb3-bef8-0cd9d5e22c2d\"><div style=\"padding-top:0px;padding-bottom:0px;padding-right:0px;padding-left:0px\" class=\"row-content regular-width hcp-wide-width\">\n<div style=\"background-color:transparent;--desktop-spacer:16px;--tablet-spacer:16px;--mobile-spacer:8px\" class=\"wp-block-vivid360-spacer vivid360-spacer-desktop vivid360-spacer-tablet vivid360-spacer-mobile\"><\/div>\n\n\n\n<div class=\"wp-block-vivid360-button-parent btn-block-container content-width button-justify-center\"><link rel='stylesheet' id='vivid360-button-block-css-css' href='https:\/\/www.winrevair.com\/es-us\/wp-content\/themes\/cex-wpvip-mhh-merck-vivid360-theme-1-12\/blocks\/button\/css\/style.min.css?ver=1766071753' media='all' \/>\n<link rel='stylesheet' id='vivid360-button-parent-block-css-css' href='https:\/\/www.winrevair.com\/es-us\/wp-content\/themes\/cex-wpvip-mhh-merck-vivid360-theme-1-12\/blocks\/button-parent\/css\/style.min.css?ver=6.8.5' media='all' \/>\n\n<div class=\"vivid360-button-block fullWidth-mobile\"><a class=\"btn primary primary-regular has-primary-border-color has-primary-background-color hovered hoveredTextColor\" role=\"button\" aria-label=\"Video del kit de 1 vial\" style=\"font-size:14px;letter-spacing:0.86px;border-radius:0;border-style:solid;justify-content:center;--hoverColor:#203a5b;--hoverTextColor:#FFF;text-align:center;width:100%\" href=\"#oneVialKitVideo\" title=\"Video del kit de 1 vial\" target=\"_self\" rel=\"noopener\" data-design-category=\"button\" data-design-label=\"Video del kit de 1 vial\" data-design-module=\"element\" data-event-name=\"element_click\">Video del kit de 1 vial<\/a><\/div>\n\n\n\n<div class=\"vivid360-button-block fullWidth-mobile\"><a class=\"btn primary primary-regular has-primary-border-color has-primary-background-color hovered hoveredTextColor\" role=\"button\" aria-label=\"Video del kit de 2 viales\" style=\"font-size:14px;letter-spacing:0.86px;border-radius:0;border-style:solid;justify-content:center;--hoverColor:#203a5b;--hoverTextColor:#FFF;text-align:center;width:100%\" href=\"#twoVialKitVideo\" title=\"Video del kit de 2 viales\" target=\"_self\" rel=\"noopener\" data-design-category=\"button\" data-design-label=\"Video del kit de 2 viales\" data-design-module=\"element\" data-event-name=\"element_click\">Video del kit de 2 viales<\/a><\/div>\n<\/div>\n\n\n\n<div style=\"background-color:transparent;--desktop-spacer:40px;--mobile-spacer:16px;--tablet-spacer:40px\" class=\"wp-block-vivid360-spacer vivid360-spacer-desktop vivid360-spacer-mobile vivid360-spacer-tablet\"><\/div>\n\n\n\n<div class=\"paragraph-wrapper\"><div class=\"_4190881a-0570-40be-8a7b-af86bc62dd59 \" id=\"oneVialKitVideo\"><p class=\"has-medium-font-size\"><strong>Kit de 1 vial de WINREVAIR<\/strong><\/p><\/div><\/div>\n\n\n\n<div style=\"background-color:transparent;height:8px\" class=\"wp-block-vivid360-spacer vivid360-spacer spacer-8\"><\/div>\n\n\n\n<div  class=\"inpsyde-brightcove__player\" style=\"position: relative\">\n\n    \n    <video-js class=\"video-js vjs-16-9\" data-embed=\"default\" data-player=\"meAxH3mZK\" data-account=\"1905768940001\" data-video-id=\"6354803743112\" aria-label=\"Video\" controls><\/video-js>\n\n    \n    <script src=\"https:\/\/players.brightcove.net\/1905768940001\/meAxH3mZK_default\/index.min.js\"><\/script>\n<\/div>\n\n\n<div style=\"background-color:transparent;--desktop-spacer:16px;--mobile-spacer:16px;--tablet-spacer:16px\" class=\"wp-block-vivid360-spacer vivid360-spacer-desktop vivid360-spacer-mobile vivid360-spacer-tablet\"><\/div>\n\n\n\n<div style=\"background-color:transparent;--desktop-spacer:24px;--mobile-spacer:16px;--tablet-spacer:24px\" class=\"wp-block-vivid360-spacer vivid360-spacer-desktop vivid360-spacer-mobile vivid360-spacer-tablet\"><\/div>\n\n\n\n<div class=\"paragraph-wrapper wp-elements-102a6248e01726952c9194311200f412\"><div class=\"_5956db18-10f2-4860-893f-0dc90b040f35 \" id=\"twoVialKitVideo\"><p class=\"has-primary-dark-color has-text-color has-link-color has-medium-font-size\"><strong>Kit de 2 viales de WINREVAIR<\/strong><\/p><\/div><\/div>\n\n\n\n<div style=\"background-color:transparent;height:8px\" class=\"wp-block-vivid360-spacer vivid360-spacer spacer-8\"><\/div>\n\n\n\n<div  class=\"inpsyde-brightcove__player\" style=\"position: relative\">\n\n    \n    <video-js class=\"video-js vjs-16-9\" data-embed=\"default\" data-player=\"meAxH3mZK\" data-account=\"1905768940001\" data-video-id=\"6354804626112\" aria-label=\"Video\" controls><\/video-js>\n\n    \n    <script src=\"https:\/\/players.brightcove.net\/1905768940001\/meAxH3mZK_default\/index.min.js\"><\/script>\n<\/div>\n\n\n<div style=\"background-color:transparent;--desktop-spacer:24px;--mobile-spacer:16px;--tablet-spacer:24px\" class=\"wp-block-vivid360-spacer vivid360-spacer-desktop vivid360-spacer-mobile vivid360-spacer-tablet\"><\/div>\n\n\n\n<div class=\"wp-block-vivid360-button-parent btn-block-container content-width button-justify-left\">\n<div class=\"vivid360-button-block fullWidth-mobile\"><a class=\"btn secondary secondary-regular has-icon icon-left hoveredTextColor\" role=\"button\" aria-label=\"Descargar Instrucciones de uso (kit de 1 vial, kit de 2 viales)\" style=\"font-size:14px;letter-spacing:0.86px;border-radius:4px;border-style:solid;justify-content:center;--hoverTextColor:#FFF;text-align:left;width:100%\" href=\"https:\/\/www.merck.com\/usa-labeling-translations\/winrevair_ifu_1-vial_2-vial_kits_sp.pdf\" title=\"Descargar Instrucciones de uso (kit de 1 vial, kit de 2 viales)\" target=\"_blank\" rel=\"noopener\" data-design-category=\"button\" data-design-label=\"Descargar Instrucciones de uso (kit de 1 vial, kit de 2 viales)\" data-design-module=\"element\" data-event-name=\"element_click\"><span role=\"img\" aria-label=\"icon-download\" class=\"icon-download\"><\/span>Descargar Instrucciones de uso (kit de 1 vial, kit de 2 viales)<\/a><\/div>\n<\/div>\n<\/div><\/div><\/div>\n\n\n\n<div style=\"background-color:transparent;--desktop-spacer:72px;--mobile-spacer:32px;--tablet-spacer:72px\" class=\"wp-block-vivid360-spacer vivid360-spacer-desktop vivid360-spacer-mobile vivid360-spacer-tablet\"><\/div>\n\n\n\n<div style=\"border-width:0px;border-style:;border-radius:0;background-color: !important\" class=\"wp-block-vivid360-row vivid360-row hcp-wide-bg-width has-white-color has-primary-dark-background-color full-page-width\"><div class=\"cropped\" id=\"rowbdbf6f2b-eac8-4d35-bd79-b1948140240a\"><div style=\"padding-top:0px;padding-bottom:0px;padding-right:0px;padding-left:0px\" class=\"row-content wide-width hcp-wide-width\">\n<div style=\"background-color:transparent;--desktop-spacer:24px;--mobile-spacer:32px;--tablet-spacer:24px\" class=\"wp-block-vivid360-spacer vivid360-spacer-desktop vivid360-spacer-mobile vivid360-spacer-tablet\"><\/div>\n\n\n\n<div class=\"wp-block-columns is-layout-flex wp-container-core-columns-is-layout-9d6595d7 wp-block-columns-is-layout-flex\">\n<div class=\"wp-block-column is-vertically-aligned-top is-layout-flow wp-block-column-is-layout-flow\" style=\"flex-basis:68%\">\n<div class=\"vivid360-heading default-hcp-tablet-fontsize\" id=\"a460add23-604a-4d9b-ab97-98c7f52d5221\"><h2 class=\"content-width fontWeightRegular\" style=\"--desktopFontSize:24px;--tabletFontSize:var(--h2FontSizeDesktop);--mobileFontSize:20px;--desktopLineHeightSize:36px;--tabletLineHeightSize:var(--h2LineHeightDesktop);--mobileLineHeightSize:\" id=\"\"><strong>El Programa de Acceso de Merck<\/strong><\/h2><\/div>\n\n\n\n<div style=\"background-color:transparent;--desktop-spacer:2px;--mobile-spacer:8px;--tablet-spacer:2px\" class=\"wp-block-vivid360-spacer vivid360-spacer-desktop vivid360-spacer-mobile vivid360-spacer-tablet\"><\/div>\n\n\n\n<p>El Programa de Acceso de Merck puede proporcionar informaci\u00f3n sobre la cobertura de tu seguro y c\u00f3mo acceder a tus medicamentos.<\/p>\n\n\n\n<div style=\"background-color:transparent;height:16px\" class=\"wp-block-vivid360-spacer vivid360-spacer spacer-16\"><\/div>\n\n\n\n<p class=\"has-white-color has-text-color has-regular-font-size\"><a href=\"https:\/\/www.merckaccessprogram-winrevair.com\/\" target=\"_blank\" rel=\"noreferrer noopener\">M\u00e1s informaci\u00f3n<\/a><\/p>\n<\/div>\n\n\n\n<div class=\"wp-block-column is-layout-flow wp-block-column-is-layout-flow\" style=\"flex-basis:32%\"><\/div>\n<\/div>\n\n\n\n<div style=\"background-color:transparent;--desktop-spacer:32px;--mobile-spacer:16px;--tablet-spacer:32px\" class=\"wp-block-vivid360-spacer vivid360-spacer-desktop vivid360-spacer-mobile vivid360-spacer-tablet\"><\/div>\n<\/div><\/div><\/div>\n\n\n\n<div style=\"border-width:0px;border-style:;border-radius:0;background-color: !important\" class=\"wp-block-vivid360-row vivid360-row hcp-wide-bg-width has-white-color has-primary-background-color full-page-width\"><div class=\"cropped\" id=\"row025ee6a9-9a08-448e-a46a-2dcb9e6f218b\"><div style=\"padding-top:40px;padding-bottom:40px;padding-right:0px;padding-left:0px\" class=\"row-content narrow-width hcp-wide-width\">\n<p class=\"has-text-align-left has-white-color has-text-color has-medium-font-size\">Si tienes alguna pregunta sobre WINREVAIR, consulta con tu proveedor de atenci\u00f3n m\u00e9dica o llama al <strong>1-855-4WINREVAIR<\/strong> (1-855-494-6738).<\/p>\n\n\n\n<div style=\"background-color:transparent;height:8px\" class=\"wp-block-vivid360-spacer vivid360-spacer spacer-8\"><\/div>\n<\/div><\/div><\/div>\n\n\n\n<div style=\"border-width:0px;border-style:;border-radius:0;background-color: !important\" class=\"wp-block-vivid360-row vivid360-row hcp-wide-bg-width full-page-width\"><div class=\"cropped\" id=\"rowfce0f2b5-752c-4171-80f1-bf087d85f599\"><div style=\"padding-top:40px;padding-bottom:40px;padding-right:0px;padding-left:0px\" class=\"row-content narrow-width hcp-wide-width\">\n<p class=\"has-text-align-center has-dark-text-color has-text-color has-link-color has-medium-font-size wp-elements-15c9282c98e20e38cf7d9e4486484a92\">Se te recomienda que informes sobre cualquier efecto secundario negativo de medicamentos recetados a la FDA (Administraci\u00f3n de Alimentos y Medicamentos). Visita <a href=\"http:\/\/www.fda.gov\/medwatch\" target=\"_blank\" rel=\"noreferrer noopener\"><span class=\"interstitial-external-link\"><mark style=\"background-color:rgba(0, 0, 0, 0)\" class=\"has-inline-color has-dark-text-color\"><span class=\"no-wrap-text\">www.fda.gov\/medwatch<\/span><\/mark><\/span><\/a> o llama al <span class=\"no-wrap-text\">1-800-FDA-1088<\/span>.<\/p>\n<\/div><\/div><\/div>\n","protected":false},"excerpt":{"rendered":"","protected":false},"author":389,"featured_media":0,"parent":0,"menu_order":0,"comment_status":"closed","ping_status":"closed","template":"","meta":{"_acf_changed":false,"_trash_the_other_posts":false,"editor_notices":[],"footnotes":""},"class_list":["post-505","page","type-page","status-publish"],"yoast_head":"<!-- This site is optimized with the Yoast SEO plugin v22.7 - https:\/\/yoast.com\/wordpress\/plugins\/seo\/ -->\n<title>C\u00f3mo Tomar WINREVAIR\u2122 (sotatercept-csrk)<\/title>\n<meta name=\"description\" content=\"Los pacientes pueden encontrar informaci\u00f3n sobre c\u00f3mo tomar WINREVAIR\u2122 (sotatercept-csrk) y preguntas frecuentes viendo los videos de Instrucciones de uso. Las Instrucciones de uso tambi\u00e9n pueden descargarse.\" \/>\n<meta name=\"robots\" content=\"index, follow, max-snippet:-1, max-image-preview:large, max-video-preview:-1\" \/>\n<link rel=\"canonical\" href=\"https:\/\/www.winrevair.com\/es-us\/como-tomar-winrevair\/\" \/>\n<meta property=\"og:locale\" content=\"en_US\" \/>\n<meta property=\"og:type\" content=\"article\" \/>\n<meta property=\"og:title\" content=\"C\u00f3mo Tomar WINREVAIR\u2122 (sotatercept-csrk)\" \/>\n<meta property=\"og:description\" content=\"Los pacientes pueden encontrar informaci\u00f3n sobre c\u00f3mo tomar WINREVAIR\u2122 (sotatercept-csrk) y preguntas frecuentes viendo los videos de Instrucciones de uso. Las Instrucciones de uso tambi\u00e9n pueden descargarse.\" \/>\n<meta property=\"og:url\" content=\"https:\/\/www.winrevair.com\/es-us\/como-tomar-winrevair\/\" \/>\n<meta property=\"og:site_name\" content=\"winrevair-es\" \/>\n<meta property=\"article:modified_time\" content=\"2025-06-06T11:10:50+00:00\" \/>\n<meta property=\"og:image\" content=\"https:\/\/www.winrevair.com\/es-us\/wp-content\/uploads\/sites\/164\/2024\/12\/winreavair-taking-gettingstarted.svg\" \/>\n<meta name=\"twitter:card\" content=\"summary_large_image\" \/>\n<meta name=\"twitter:label1\" content=\"Est. reading time\" \/>\n\t<meta name=\"twitter:data1\" content=\"2 minutes\" \/>\n<!-- \/ Yoast SEO plugin. -->","yoast_head_json":{"title":"C\u00f3mo Tomar WINREVAIR\u2122 (sotatercept-csrk)","description":"Los pacientes pueden encontrar informaci\u00f3n sobre c\u00f3mo tomar WINREVAIR\u2122 (sotatercept-csrk) y preguntas frecuentes viendo los videos de Instrucciones de uso. Las Instrucciones de uso tambi\u00e9n pueden descargarse.","robots":{"index":"index","follow":"follow","max-snippet":"max-snippet:-1","max-image-preview":"max-image-preview:large","max-video-preview":"max-video-preview:-1"},"canonical":"https:\/\/www.winrevair.com\/es-us\/como-tomar-winrevair\/","og_locale":"en_US","og_type":"article","og_title":"C\u00f3mo Tomar WINREVAIR\u2122 (sotatercept-csrk)","og_description":"Los pacientes pueden encontrar informaci\u00f3n sobre c\u00f3mo tomar WINREVAIR\u2122 (sotatercept-csrk) y preguntas frecuentes viendo los videos de Instrucciones de uso. Las Instrucciones de uso tambi\u00e9n pueden descargarse.","og_url":"https:\/\/www.winrevair.com\/es-us\/como-tomar-winrevair\/","og_site_name":"winrevair-es","article_modified_time":"2025-06-06T11:10:50+00:00","og_image":[{"url":"https:\/\/www.winrevair.com\/es-us\/wp-content\/uploads\/sites\/164\/2024\/12\/winreavair-taking-gettingstarted.svg"}],"twitter_card":"summary_large_image","twitter_misc":{"Est. reading time":"2 minutes"},"schema":{"@context":"https:\/\/schema.org","@graph":[{"@type":"WebPage","@id":"https:\/\/www.winrevair.com\/es-us\/como-tomar-winrevair\/","url":"https:\/\/www.winrevair.com\/es-us\/como-tomar-winrevair\/","name":"C\u00f3mo Tomar WINREVAIR\u2122 (sotatercept-csrk)","isPartOf":{"@id":"https:\/\/www.winrevair.com\/es-us\/#website"},"primaryImageOfPage":{"@id":"https:\/\/www.winrevair.com\/es-us\/como-tomar-winrevair\/#primaryimage"},"image":{"@id":"https:\/\/www.winrevair.com\/es-us\/como-tomar-winrevair\/#primaryimage"},"thumbnailUrl":"https:\/\/www.winrevair.com\/es-us\/wp-content\/uploads\/sites\/164\/2024\/12\/winreavair-taking-gettingstarted.svg","datePublished":"2024-12-12T15:52:56+00:00","dateModified":"2025-06-06T11:10:50+00:00","description":"Los pacientes pueden encontrar informaci\u00f3n sobre c\u00f3mo tomar WINREVAIR\u2122 (sotatercept-csrk) y preguntas frecuentes viendo los videos de Instrucciones de uso. Las Instrucciones de uso tambi\u00e9n pueden descargarse.","breadcrumb":{"@id":"https:\/\/www.winrevair.com\/es-us\/como-tomar-winrevair\/#breadcrumb"},"inLanguage":"en-US","potentialAction":[{"@type":"ReadAction","target":["https:\/\/www.winrevair.com\/es-us\/como-tomar-winrevair\/"]}]},{"@type":"ImageObject","inLanguage":"en-US","@id":"https:\/\/www.winrevair.com\/es-us\/como-tomar-winrevair\/#primaryimage","url":"https:\/\/www.winrevair.com\/es-us\/wp-content\/uploads\/sites\/164\/2024\/12\/winreavair-taking-gettingstarted.svg","contentUrl":"https:\/\/www.winrevair.com\/es-us\/wp-content\/uploads\/sites\/164\/2024\/12\/winreavair-taking-gettingstarted.svg","width":552,"height":226,"caption":"WINREVAIR\u2122 (sotatercept-csrk) Logo"},{"@type":"BreadcrumbList","@id":"https:\/\/www.winrevair.com\/es-us\/como-tomar-winrevair\/#breadcrumb","itemListElement":[{"@type":"ListItem","position":1,"name":"Home","item":"https:\/\/www.winrevair.com\/es-us\/"},{"@type":"ListItem","position":2,"name":"como tomar winrevair"}]},{"@type":"WebSite","@id":"https:\/\/www.winrevair.com\/es-us\/#website","url":"https:\/\/www.winrevair.com\/es-us\/","name":"winrevair-es","description":"","potentialAction":[{"@type":"SearchAction","target":{"@type":"EntryPoint","urlTemplate":"https:\/\/www.winrevair.com\/es-us\/?s={search_term_string}"},"query-input":"required name=search_term_string"}],"inLanguage":"en-US"}]}},"acf":[],"_links":{"self":[{"href":"https:\/\/www.winrevair.com\/es-us\/wp-json\/wp\/v2\/pages\/505","targetHints":{"allow":["GET"]}}],"collection":[{"href":"https:\/\/www.winrevair.com\/es-us\/wp-json\/wp\/v2\/pages"}],"about":[{"href":"https:\/\/www.winrevair.com\/es-us\/wp-json\/wp\/v2\/types\/page"}],"author":[{"embeddable":true,"href":"https:\/\/www.winrevair.com\/es-us\/wp-json\/wp\/v2\/users\/389"}],"replies":[{"embeddable":true,"href":"https:\/\/www.winrevair.com\/es-us\/wp-json\/wp\/v2\/comments?post=505"}],"version-history":[{"count":14,"href":"https:\/\/www.winrevair.com\/es-us\/wp-json\/wp\/v2\/pages\/505\/revisions"}],"predecessor-version":[{"id":604,"href":"https:\/\/www.winrevair.com\/es-us\/wp-json\/wp\/v2\/pages\/505\/revisions\/604"}],"wp:attachment":[{"href":"https:\/\/www.winrevair.com\/es-us\/wp-json\/wp\/v2\/media?parent=505"}],"curies":[{"name":"wp","href":"https:\/\/api.w.org\/{rel}","templated":true}]}}