{"id":501,"date":"2024-12-12T15:48:25","date_gmt":"2024-12-12T15:48:25","guid":{"rendered":"https:\/\/www.winrevair.com\/es-us\/?page_id=501"},"modified":"2025-06-05T10:07:25","modified_gmt":"2025-06-05T10:07:25","slug":"recursos","status":"publish","type":"page","link":"https:\/\/www.winrevair.com\/es-us\/recursos\/","title":{"rendered":"recursos"},"content":{"rendered":"<link rel='stylesheet' id='vivid360-row-module-css-css' href='https:\/\/www.winrevair.com\/es-us\/wp-content\/themes\/cex-wpvip-mhh-merck-vivid360-theme-1-12\/blocks\/row\/css\/style.min.css?ver=6.8.5' media='all' \/>\n\n<div style=\"border-width:0px;border-style:;border-radius:0;background-color: !important\" class=\"wp-block-vivid360-row vivid360-row hcp-wide-bg-width has-primary-background-color full-page-width\"><div class=\"cropped\" id=\"row9ef9e843-1495-40b4-a6c6-357515df375b\"><div style=\"padding-top:0px;padding-bottom:0px;padding-right:0px;padding-left:0px\" class=\"row-content wide-width hcp-wide-width\"><link rel='stylesheet' id='vivid360-spacer-css-css' href='https:\/\/www.winrevair.com\/es-us\/wp-content\/themes\/cex-wpvip-mhh-merck-vivid360-theme-1-12\/blocks\/spacer\/css\/style.min.css?ver=1766071753' media='all' \/>\n\n<div style=\"background-color:transparent;--desktop-spacer:2px;--mobile-spacer:24px;--tablet-spacer:2px\" class=\"wp-block-vivid360-spacer vivid360-spacer-desktop vivid360-spacer-mobile vivid360-spacer-tablet\"><\/div>\n\n\n\n<div class=\"wp-block-columns are-vertically-aligned-center is-layout-flex wp-container-core-columns-is-layout-9d6595d7 wp-block-columns-is-layout-flex\">\n<div class=\"wp-block-column is-vertically-aligned-center is-layout-flow wp-block-column-is-layout-flow\"><link rel='stylesheet' id='vivid360-image-css-css' href='https:\/\/www.winrevair.com\/es-us\/wp-content\/themes\/cex-wpvip-mhh-merck-vivid360-theme-1-12\/blocks\/image\/css\/style.min.css?ver=1766071753' media='all' \/>\n\n<div class=\"wp-block-vivid360-image\"><div class=\"img-container mt-0 ml-0 mr-0 mb-0\"><figure class=\"wp-block-vivid360-image is-style-default has-mobile-image aligncenter size-large\"><img loading=\"lazy\" decoding=\"async\" width=\"552\" height=\"226\" src=\"https:\/\/www.winrevair.com\/es-us\/wp-content\/uploads\/sites\/164\/2024\/12\/winreavair-taking-gettingstarted.svg\" alt=\"WINREVAIR\u2122 (sotatercept-csrk) Logo\" class=\"wp-image-538  style-noshadow\" style=\"height:226px;width:552px\" srcset=\"https:\/\/www.winrevair.com\/es-us\/wp-content\/uploads\/sites\/164\/\/2024\/12\/winreavair-taking-gettingstarted.svg 552w, https:\/\/www.winrevair.com\/es-us\/wp-content\/uploads\/sites\/164\/\/2024\/12\/winreavair-taking-gettingstarted.svg?resize=300,123 300w\" sizes=\"auto, (max-width: 552px) 100vw, 552px\" \/><img decoding=\"async\" src=\"https:\/\/www.winrevair.com\/es-us\/wp-content\/uploads\/sites\/164\/2024\/12\/winrevair-takinggettingmob.svg\" alt=\"WINREVAIR\u2122 (sotatercept-csrk) Logo\" class=\"wp-image-539  style-noshadow mobile-image\" width=\"auto\" height=\"auto\" title=\"WINREVAIR\u2122 (sotatercept-csrk) Logo\" style=\"height:auto;width:auto\" srcset=\"https:\/\/www.winrevair.com\/es-us\/wp-content\/uploads\/sites\/164\/\/2024\/12\/winrevair-takinggettingmob.svg 343w, https:\/\/www.winrevair.com\/es-us\/wp-content\/uploads\/sites\/164\/\/2024\/12\/winrevair-takinggettingmob.svg?resize=300,78 300w\" sizes=\"(max-width: 343px) 100vw, 343px\" \/><\/figure><\/div><\/div>\n<\/div>\n\n\n\n<div class=\"wp-block-column is-vertically-aligned-center is-layout-flow wp-block-column-is-layout-flow\"><link rel='stylesheet' id='vivid360-heading-css-css' href='https:\/\/www.winrevair.com\/es-us\/wp-content\/themes\/cex-wpvip-mhh-merck-vivid360-theme-1-12\/blocks\/heading\/css\/style.min.css?ver=1766071753' media='all' \/>\n\n<div class=\"vivid360-heading default-hcp-fontsize default-hcp-tablet-fontsize default-hcp-mobile-fontsize\" id=\"adc6ad377-9593-4ab4-b6c9-9ba2bd754fa6\"><h1 class=\"has-white-color has-primary-background-color content-width fontWeightRegular\" style=\"--desktopFontSize:var(--h1FontSizeDesktop);--tabletFontSize:var(--h1FontSizeDesktop);--mobileFontSize:var(--h1FontSizeMobile);--desktopLineHeightSize:var(--h1LineHeightDesktop);--tabletLineHeightSize:var(--h1LineHeightDesktop);--mobileLineHeightSize:;--mobileAlign:center\" id=\"\"><strong>Para Comenzar<\/strong><\/h1><\/div>\n<\/div>\n<\/div>\n\n\n\n<div style=\"background-color:transparent;--desktop-spacer:2px;--mobile-spacer:24px;--tablet-spacer:2px\" class=\"wp-block-vivid360-spacer vivid360-spacer-desktop vivid360-spacer-mobile vivid360-spacer-tablet\"><\/div>\n<\/div><\/div><\/div>\n\n\n\n<div style=\"border-width:0px;border-style:;border-radius:0\" class=\"wp-block-vivid360-row vivid360-row hcp-wide-bg-width has-secondary-1-background-color full-page-width\"><div class=\"stretch\" id=\"rowaece193d-a7f4-469e-abf7-09d1d8c3a16c\"><div style=\"padding-top:0px;padding-bottom:0px;padding-right:0px;padding-left:0px\" class=\"row-content extra-narrow-width hcp-wide-width\">\n<div style=\"background-color:transparent;--desktop-spacer:32px;--mobile-spacer:40px;--tablet-spacer:32px\" class=\"wp-block-vivid360-spacer vivid360-spacer-desktop vivid360-spacer-mobile vivid360-spacer-tablet\"><\/div>\n\n\n\n<div class=\"vivid360-heading default-hcp-tablet-fontsize\" id=\"afbb2be0d-8f46-4f85-a7f9-dd06bdd4741f\"><h2 class=\"has-primary-dark-color has-text-align-center content-width fontWeightRegular\" style=\"--desktopFontSize:24px;--tabletFontSize:var(--h2FontSizeDesktop);--mobileFontSize:24px;--desktopLineHeightSize:36px;--tabletLineHeightSize:var(--h2LineHeightDesktop);--mobileLineHeightSize:;--tabletAlign:center;--mobileAlign:center\" id=\"\"><strong>Puede que tengas preguntas sobre tu tratamiento. Estos recursos pueden ayudarte.<\/strong><\/h2><\/div>\n\n\n\n<div style=\"background-color:transparent;--desktop-spacer:32px;--mobile-spacer:40px;--tablet-spacer:32px\" class=\"wp-block-vivid360-spacer vivid360-spacer-desktop vivid360-spacer-mobile vivid360-spacer-tablet\"><\/div>\n<\/div><\/div><\/div>\n\n\n\n<div style=\"border-width:0px;border-style:;border-radius:0;background-color: !important\" class=\"wp-block-vivid360-row vivid360-row hcp-wide-bg-width full-page-width\"><div class=\"cropped\" id=\"row19c997b7-313a-46a4-bf4c-ccc9dc173270\"><div style=\"padding-top:0px;padding-bottom:0px;padding-right:0px;padding-left:0px\" class=\"row-content wide-width hcp-wide-width\">\n<div style=\"background-color:transparent;--desktop-spacer:40px;--mobile-spacer:24px;--tablet-spacer:40px\" class=\"wp-block-vivid360-spacer vivid360-spacer-desktop vivid360-spacer-mobile vivid360-spacer-tablet\"><\/div>\n\n\n\n<div class=\"wp-block-columns is-layout-flex wp-container-core-columns-is-layout-9d6595d7 wp-block-columns-is-layout-flex\">\n<div class=\"wp-block-column is-layout-flow wp-block-column-is-layout-flow\">\n<div class=\"wp-block-vivid360-image\"><div class=\"img-container ml-0 mr-0 mt-0 mb-0\"><figure class=\"wp-block-vivid360-image is-style-default has-mobile-image aligncenter size-large\"><img loading=\"lazy\" decoding=\"async\" width=\"232\" height=\"300\" src=\"https:\/\/www.winrevair.com\/es-us\/wp-content\/uploads\/sites\/164\/2024\/12\/How-to-Prepare-Digital_Desktop.png\" alt=\"\" class=\"wp-image-533  style-noshadow\" style=\"height:300px;width:232px\"\/><img loading=\"lazy\" decoding=\"async\" src=\"https:\/\/www.winrevair.com\/es-us\/wp-content\/uploads\/sites\/164\/2024\/12\/How-to-Prepare-Digital_mobile.png\" alt=\"Hoja de trabajo descargable &quot;Preparaci\u00f3n para tu tratamiento&quot; para WINREVAIR\u2122 (sotatercept-csrk)\" class=\"wp-image-534  style-noshadow mobile-image\" width=\"174\" height=\"225\" title=\"\" style=\"height:225px;width:174px\" srcset=\"https:\/\/www.winrevair.com\/es-us\/wp-content\/uploads\/sites\/164\/2024\/12\/How-to-Prepare-Digital_mobile.png 636w, https:\/\/www.winrevair.com\/es-us\/wp-content\/uploads\/sites\/164\/2024\/12\/How-to-Prepare-Digital_mobile.png?resize=232,300 232w\" sizes=\"auto, (max-width: 174px) 100vw, 174px\" \/><\/figure><\/div><\/div>\n<\/div>\n\n\n\n<div class=\"wp-block-column is-vertically-aligned-center is-layout-flow wp-block-column-is-layout-flow\">\n<div class=\"vivid360-heading default-hcp-tablet-fontsize\" id=\"a89663758-fc6b-4b65-b14d-2f5aace79d53\"><h2 class=\"has-primary-dark-color content-width fontWeightRegular\" style=\"--desktopFontSize:24px;--tabletFontSize:var(--h2FontSizeDesktop);--mobileFontSize:24px;--desktopLineHeightSize:36px;--tabletLineHeightSize:var(--h2LineHeightDesktop);--mobileLineHeightSize:\" id=\"\"><strong>Preparaci\u00f3n para tu tratamiento<\/strong><\/h2><\/div>\n\n\n\n<div style=\"background-color:transparent;--desktop-spacer:16px;--mobile-spacer:24px;--tablet-spacer:16px\" class=\"wp-block-vivid360-spacer vivid360-spacer-desktop vivid360-spacer-mobile vivid360-spacer-tablet\"><\/div>\n\n\n\n<p class=\"has-black-color has-text-color\">Puedes usar esta hoja de trabajo para anotar informaci\u00f3n que comentaste con tu equipo de atenci\u00f3n m\u00e9dica.<\/p>\n\n\n\n<div style=\"background-color:transparent;height:16px\" class=\"wp-block-vivid360-spacer vivid360-spacer spacer-16\"><\/div>\n\n\n\n<div class=\"wp-block-vivid360-button-parent btn-block-container content-width button-justify-left\"><link rel='stylesheet' id='vivid360-button-block-css-css' href='https:\/\/www.winrevair.com\/es-us\/wp-content\/themes\/cex-wpvip-mhh-merck-vivid360-theme-1-12\/blocks\/button\/css\/style.min.css?ver=1766071753' media='all' \/>\n<link rel='stylesheet' id='vivid360-button-parent-block-css-css' href='https:\/\/www.winrevair.com\/es-us\/wp-content\/themes\/cex-wpvip-mhh-merck-vivid360-theme-1-12\/blocks\/button-parent\/css\/style.min.css?ver=6.8.5' media='all' \/>\n\n<div class=\"vivid360-button-block fullWidth-mobile\"><a class=\"btn primary primary-regular hovered hoveredTextColor\" role=\"button\" aria-label=\"Descargar ahora\" style=\"font-size:14px;letter-spacing:0.86px;border-radius:4px;border-style:solid;justify-content:center;--hoverColor:#356097;--hoverTextColor:#FFF;text-align:center;width:100%\" href=\"https:\/\/www.winrevair.com\/es-us\/wp-content\/uploads\/sites\/164\/2024\/12\/US-SOT-01034_How-to-Prepare-Digital.pdf\" title=\"Descargar ahora\" target=\"_self\" rel=\"noopener\" data-design-category=\"button\" data-design-label=\"Descargar ahora\" data-design-module=\"element\" data-event-name=\"element_click\">Descargar ahora<\/a><\/div>\n<\/div>\n<\/div>\n<\/div>\n\n\n\n<div style=\"background-color:transparent;--desktop-spacer:24px;--mobile-spacer:16px;--tablet-spacer:24px\" class=\"wp-block-vivid360-spacer vivid360-spacer-desktop vivid360-spacer-mobile vivid360-spacer-tablet\"><\/div>\n<\/div><\/div><\/div>\n\n\n\n<div style=\"border-width:0px;border-style:;border-radius:0;background-color: !important\" class=\"wp-block-vivid360-row vivid360-row hcp-wide-bg-width full-page-width\"><div class=\"cropped\" id=\"row9207e5cb-5643-4cab-b509-f4d3f7f7f647\"><div style=\"padding-top:0px;padding-bottom:0px;padding-right:0px;padding-left:0px\" class=\"row-content wide-width hcp-wide-width\">\n<div style=\"background-color:transparent;--desktop-spacer:40px;--mobile-spacer:24px;--tablet-spacer:40px\" class=\"wp-block-vivid360-spacer vivid360-spacer-desktop vivid360-spacer-mobile vivid360-spacer-tablet\"><\/div>\n\n\n\n<div class=\"wp-block-columns is-layout-flex wp-container-core-columns-is-layout-9d6595d7 wp-block-columns-is-layout-flex\">\n<div class=\"wp-block-column is-layout-flow wp-block-column-is-layout-flow\">\n<div class=\"wp-block-vivid360-image\"><div class=\"img-container mb-0 ml-0 mr-0 mt-0\"><figure class=\"wp-block-vivid360-image is-style-default has-mobile-image aligncenter size-large\"><img loading=\"lazy\" decoding=\"async\" width=\"232\" height=\"300\" src=\"https:\/\/www.winrevair.com\/es-us\/wp-content\/uploads\/sites\/164\/2024\/12\/Patient-Support-Guide_Spanish_Page_Desktop.png\" alt=\"\" class=\"wp-image-536  style-noshadow\" style=\"height:300px;width:232px\"\/><img loading=\"lazy\" decoding=\"async\" src=\"https:\/\/www.winrevair.com\/es-us\/wp-content\/uploads\/sites\/164\/2024\/12\/Patient-Support-Guide_Spanish_mobile.png\" alt=\"Gu\u00eda de apoyo al paciente descargable para WINREVAIR\u2122 (sotatercept-csrk)\" class=\"wp-image-537  style-noshadow mobile-image\" width=\"174\" height=\"225\" title=\"\" style=\"height:225px;width:174px\" srcset=\"https:\/\/www.winrevair.com\/es-us\/wp-content\/uploads\/sites\/164\/2024\/12\/Patient-Support-Guide_Spanish_mobile.png 636w, https:\/\/www.winrevair.com\/es-us\/wp-content\/uploads\/sites\/164\/2024\/12\/Patient-Support-Guide_Spanish_mobile.png?resize=232,300 232w\" sizes=\"auto, (max-width: 174px) 100vw, 174px\" \/><\/figure><\/div><\/div>\n<\/div>\n\n\n\n<div class=\"wp-block-column is-vertically-aligned-center is-layout-flow wp-block-column-is-layout-flow\">\n<div class=\"vivid360-heading default-hcp-tablet-fontsize\" id=\"ade4d6bc8-b4e2-4353-a0a5-7a65e80b1cb1\"><h2 class=\"has-primary-dark-color content-width fontWeightRegular\" style=\"--desktopFontSize:24px;--tabletFontSize:var(--h2FontSizeDesktop);--mobileFontSize:24px;--desktopLineHeightSize:36px;--tabletLineHeightSize:var(--h2LineHeightDesktop);--mobileLineHeightSize:\" id=\"\"><strong>Gu\u00eda de apoyo al paciente<\/strong><\/h2><\/div>\n\n\n\n<div style=\"background-color:transparent;--desktop-spacer:16px;--mobile-spacer:24px;--tablet-spacer:16px\" class=\"wp-block-vivid360-spacer vivid360-spacer-desktop vivid360-spacer-mobile vivid360-spacer-tablet\"><\/div>\n\n\n\n<p class=\"has-black-color has-text-color\">Si te han recetado WINREVAIR, puede que tengas algunas preguntas. Este recurso puede ayudarte a entender el proceso para iniciar la terapia y el apoyo disponible a trav\u00e9s de El Programa de Acceso de Merck.<\/p>\n\n\n\n<div style=\"background-color:transparent;height:16px\" class=\"wp-block-vivid360-spacer vivid360-spacer spacer-16\"><\/div>\n\n\n\n<div class=\"wp-block-vivid360-button-parent btn-block-container content-width button-justify-left\">\n<div class=\"vivid360-button-block fullWidth-mobile\"><a class=\"btn primary primary-regular hovered hoveredTextColor\" role=\"button\" aria-label=\"Descargar ahora\" style=\"font-size:14px;letter-spacing:0.86px;border-radius:4px;border-style:solid;justify-content:center;--hoverColor:#356097;--hoverTextColor:#FFF;text-align:center;width:100%\" href=\"https:\/\/www.winrevair.com\/es-us\/wp-content\/uploads\/sites\/164\/2024\/12\/WINREVAIR-Patient-Support-Guide_Spanish.pdf\" title=\"Descargar ahora\" target=\"_self\" rel=\"noopener\" data-design-category=\"button\" data-design-label=\"Descargar ahora\" data-design-module=\"element\" data-event-name=\"element_click\">Descargar ahora<\/a><\/div>\n<\/div>\n<\/div>\n<\/div>\n\n\n\n<div style=\"background-color:transparent;--desktop-spacer:12px;--mobile-spacer:2px;--tablet-spacer:12px\" class=\"wp-block-vivid360-spacer vivid360-spacer-desktop vivid360-spacer-mobile vivid360-spacer-tablet\"><\/div>\n<\/div><\/div><\/div>\n\n\n\n<div style=\"border-width:0px;border-style:;border-radius:0;background-color: !important\" class=\"wp-block-vivid360-row vivid360-row hcp-wide-bg-width has-white-color has-primary-dark-background-color full-page-width\"><div class=\"cropped\" id=\"row42ab39d6-27a8-4400-8318-09d0e471b8e1\"><div style=\"padding-top:0px;padding-bottom:0px;padding-right:0px;padding-left:0px\" class=\"row-content wide-width hcp-wide-width\">\n<div style=\"background-color:transparent;--desktop-spacer:24px;--mobile-spacer:32px;--tablet-spacer:24px\" class=\"wp-block-vivid360-spacer vivid360-spacer-desktop vivid360-spacer-mobile vivid360-spacer-tablet\"><\/div>\n\n\n\n<div class=\"wp-block-columns is-layout-flex wp-container-core-columns-is-layout-9d6595d7 wp-block-columns-is-layout-flex\">\n<div class=\"wp-block-column is-vertically-aligned-top is-layout-flow wp-block-column-is-layout-flow\" style=\"flex-basis:68%\">\n<div class=\"vivid360-heading default-hcp-tablet-fontsize\" id=\"a05ea924e-79f9-48da-ad6b-7ea7b4696ab3\"><h2 class=\"content-width fontWeightRegular\" style=\"--desktopFontSize:24px;--tabletFontSize:var(--h2FontSizeDesktop);--mobileFontSize:20px;--desktopLineHeightSize:36px;--tabletLineHeightSize:var(--h2LineHeightDesktop);--mobileLineHeightSize:\" id=\"\"><strong>El Programa de Acceso de Merck<\/strong><\/h2><\/div>\n\n\n\n<div style=\"background-color:transparent;--desktop-spacer:2px;--mobile-spacer:8px;--tablet-spacer:2px\" class=\"wp-block-vivid360-spacer vivid360-spacer-desktop vivid360-spacer-mobile vivid360-spacer-tablet\"><\/div>\n\n\n\n<p>El Programa de Acceso de Merck puede proporcionar informaci\u00f3n sobre la cobertura de tu seguro y c\u00f3mo acceder a tus medicamentos.<\/p>\n\n\n\n<div style=\"background-color:transparent;height:16px\" class=\"wp-block-vivid360-spacer vivid360-spacer spacer-16\"><\/div>\n\n\n\n<p class=\"has-white-color has-text-color has-regular-font-size\"><a href=\"https:\/\/www.merckaccessprogram-winrevair.com\/\" target=\"_blank\" rel=\"noreferrer noopener\">M\u00e1s informaci\u00f3n<\/a><\/p>\n<\/div>\n\n\n\n<div class=\"wp-block-column is-layout-flow wp-block-column-is-layout-flow\" style=\"flex-basis:32%\"><\/div>\n<\/div>\n\n\n\n<div style=\"background-color:transparent;--desktop-spacer:32px;--mobile-spacer:16px;--tablet-spacer:32px\" class=\"wp-block-vivid360-spacer vivid360-spacer-desktop vivid360-spacer-mobile vivid360-spacer-tablet\"><\/div>\n<\/div><\/div><\/div>\n\n\n\n<div style=\"border-width:0px;border-style:;border-radius:0;background-color: !important\" class=\"wp-block-vivid360-row vivid360-row hcp-wide-bg-width has-white-color has-primary-background-color full-page-width\"><div class=\"cropped\" id=\"rowaf23171e-69aa-4e36-acd9-48859f62feb3\"><div style=\"padding-top:40px;padding-bottom:40px;padding-right:0px;padding-left:0px\" class=\"row-content narrow-width hcp-wide-width\">\n<div class=\"paragraph-wrapper\"><div class=\"_fd16ae55-4378-4401-ba18-026ba9608991 \" id=\"\"><p class=\"has-text-align-left has-white-color has-text-color has-medium-font-size\">Si tienes alguna pregunta sobre WINREVAIR, consulta con tu proveedor de atenci\u00f3n m\u00e9dica o llama al <span class=\"no-wrap-text\"><strong>1-855-4WINREVAIR<\/strong><\/span> <span class=\"no-wrap-text\">(1-855-494-6738)<\/span>.<\/p><\/div><\/div>\n\n\n\n<div style=\"background-color:transparent;height:8px\" class=\"wp-block-vivid360-spacer vivid360-spacer spacer-8\"><\/div>\n<\/div><\/div><\/div>\n\n\n\n<div style=\"border-width:0px;border-style:;border-radius:0;background-color: !important\" class=\"wp-block-vivid360-row vivid360-row hcp-wide-bg-width full-page-width\"><div class=\"cropped\" id=\"rowcdb2b9b5-46f4-43ca-9616-ce1c1f8d7032\"><div style=\"padding-top:40px;padding-bottom:40px;padding-right:0px;padding-left:0px\" class=\"row-content narrow-width hcp-wide-width\">\n<p class=\"has-text-align-center has-dark-text-color has-text-color has-link-color has-medium-font-size wp-elements-aa38b42585f3ef812fe1f8ef6ead1610\">Se te recomienda que informes sobre cualquier efecto secundario negativo de medicamentos recetados a la FDA (Administraci\u00f3n de Alimentos y Medicamentos). Visita <a href=\"http:\/\/www.fda.gov\/medwatch\" target=\"_blank\" rel=\"noreferrer noopener\"><span class=\"interstitial-external-link\"><mark style=\"background-color:rgba(0, 0, 0, 0)\" class=\"has-inline-color has-dark-text-color\"><span class=\"no-wrap-text\">www.fda.gov\/medwatch<\/span><\/mark><\/span><\/a> o llama al <span class=\"no-wrap-text\">1-800-FDA-1088<\/span>.<\/p>\n<\/div><\/div><\/div>\n","protected":false},"excerpt":{"rendered":"","protected":false},"author":389,"featured_media":0,"parent":0,"menu_order":0,"comment_status":"closed","ping_status":"closed","template":"","meta":{"_acf_changed":false,"_trash_the_other_posts":false,"editor_notices":[],"footnotes":""},"class_list":["post-501","page","type-page","status-publish"],"yoast_head":"<!-- This site is optimized with the Yoast SEO plugin v22.7 - https:\/\/yoast.com\/wordpress\/plugins\/seo\/ -->\n<title>Recursos para WINREVAIR\u2122 (sotatercept-csrk)<\/title>\n<meta name=\"description\" content=\"Antes de comenzar a usar WINREVAIR\u2122 (sotatercept-csrk), explora recursos descargables, como una hoja de trabajo de preparaci\u00f3n para el tratamiento y una gu\u00eda de apoyo al paciente en El programa de acceso de Merck.\" \/>\n<meta name=\"robots\" content=\"index, follow, max-snippet:-1, max-image-preview:large, max-video-preview:-1\" \/>\n<link rel=\"canonical\" href=\"https:\/\/www.winrevair.com\/es-us\/recursos\/\" \/>\n<meta property=\"og:locale\" content=\"en_US\" \/>\n<meta property=\"og:type\" content=\"article\" \/>\n<meta property=\"og:title\" content=\"Recursos para WINREVAIR\u2122 (sotatercept-csrk)\" \/>\n<meta property=\"og:description\" content=\"Antes de comenzar a usar WINREVAIR\u2122 (sotatercept-csrk), explora recursos descargables, como una hoja de trabajo de preparaci\u00f3n para el tratamiento y una gu\u00eda de apoyo al paciente en El programa de acceso de Merck.\" \/>\n<meta property=\"og:url\" content=\"https:\/\/www.winrevair.com\/es-us\/recursos\/\" \/>\n<meta property=\"og:site_name\" content=\"winrevair-es\" \/>\n<meta property=\"article:modified_time\" content=\"2025-06-05T10:07:25+00:00\" \/>\n<meta property=\"og:image\" content=\"https:\/\/www.winrevair.com\/es-us\/wp-content\/uploads\/sites\/164\/2024\/12\/winreavair-taking-gettingstarted.svg\" \/>\n<meta name=\"twitter:card\" content=\"summary_large_image\" \/>\n<meta name=\"twitter:label1\" content=\"Est. reading time\" \/>\n\t<meta name=\"twitter:data1\" content=\"2 minutes\" \/>\n<!-- \/ Yoast SEO plugin. -->","yoast_head_json":{"title":"Recursos para WINREVAIR\u2122 (sotatercept-csrk)","description":"Antes de comenzar a usar WINREVAIR\u2122 (sotatercept-csrk), explora recursos descargables, como una hoja de trabajo de preparaci\u00f3n para el tratamiento y una gu\u00eda de apoyo al paciente en El programa de acceso de Merck.","robots":{"index":"index","follow":"follow","max-snippet":"max-snippet:-1","max-image-preview":"max-image-preview:large","max-video-preview":"max-video-preview:-1"},"canonical":"https:\/\/www.winrevair.com\/es-us\/recursos\/","og_locale":"en_US","og_type":"article","og_title":"Recursos para WINREVAIR\u2122 (sotatercept-csrk)","og_description":"Antes de comenzar a usar WINREVAIR\u2122 (sotatercept-csrk), explora recursos descargables, como una hoja de trabajo de preparaci\u00f3n para el tratamiento y una gu\u00eda de apoyo al paciente en El programa de acceso de Merck.","og_url":"https:\/\/www.winrevair.com\/es-us\/recursos\/","og_site_name":"winrevair-es","article_modified_time":"2025-06-05T10:07:25+00:00","og_image":[{"url":"https:\/\/www.winrevair.com\/es-us\/wp-content\/uploads\/sites\/164\/2024\/12\/winreavair-taking-gettingstarted.svg"}],"twitter_card":"summary_large_image","twitter_misc":{"Est. reading time":"2 minutes"},"schema":{"@context":"https:\/\/schema.org","@graph":[{"@type":"WebPage","@id":"https:\/\/www.winrevair.com\/es-us\/recursos\/","url":"https:\/\/www.winrevair.com\/es-us\/recursos\/","name":"Recursos para WINREVAIR\u2122 (sotatercept-csrk)","isPartOf":{"@id":"https:\/\/www.winrevair.com\/es-us\/#website"},"primaryImageOfPage":{"@id":"https:\/\/www.winrevair.com\/es-us\/recursos\/#primaryimage"},"image":{"@id":"https:\/\/www.winrevair.com\/es-us\/recursos\/#primaryimage"},"thumbnailUrl":"https:\/\/www.winrevair.com\/es-us\/wp-content\/uploads\/sites\/164\/2024\/12\/winreavair-taking-gettingstarted.svg","datePublished":"2024-12-12T15:48:25+00:00","dateModified":"2025-06-05T10:07:25+00:00","description":"Antes de comenzar a usar WINREVAIR\u2122 (sotatercept-csrk), explora recursos descargables, como una hoja de trabajo de preparaci\u00f3n para el tratamiento y una gu\u00eda de apoyo al paciente en El programa de acceso de Merck.","breadcrumb":{"@id":"https:\/\/www.winrevair.com\/es-us\/recursos\/#breadcrumb"},"inLanguage":"en-US","potentialAction":[{"@type":"ReadAction","target":["https:\/\/www.winrevair.com\/es-us\/recursos\/"]}]},{"@type":"ImageObject","inLanguage":"en-US","@id":"https:\/\/www.winrevair.com\/es-us\/recursos\/#primaryimage","url":"https:\/\/www.winrevair.com\/es-us\/wp-content\/uploads\/sites\/164\/2024\/12\/winreavair-taking-gettingstarted.svg","contentUrl":"https:\/\/www.winrevair.com\/es-us\/wp-content\/uploads\/sites\/164\/2024\/12\/winreavair-taking-gettingstarted.svg","width":552,"height":226,"caption":"WINREVAIR\u2122 (sotatercept-csrk) Logo"},{"@type":"BreadcrumbList","@id":"https:\/\/www.winrevair.com\/es-us\/recursos\/#breadcrumb","itemListElement":[{"@type":"ListItem","position":1,"name":"Home","item":"https:\/\/www.winrevair.com\/es-us\/"},{"@type":"ListItem","position":2,"name":"recursos"}]},{"@type":"WebSite","@id":"https:\/\/www.winrevair.com\/es-us\/#website","url":"https:\/\/www.winrevair.com\/es-us\/","name":"winrevair-es","description":"","potentialAction":[{"@type":"SearchAction","target":{"@type":"EntryPoint","urlTemplate":"https:\/\/www.winrevair.com\/es-us\/?s={search_term_string}"},"query-input":"required name=search_term_string"}],"inLanguage":"en-US"}]}},"acf":[],"_links":{"self":[{"href":"https:\/\/www.winrevair.com\/es-us\/wp-json\/wp\/v2\/pages\/501","targetHints":{"allow":["GET"]}}],"collection":[{"href":"https:\/\/www.winrevair.com\/es-us\/wp-json\/wp\/v2\/pages"}],"about":[{"href":"https:\/\/www.winrevair.com\/es-us\/wp-json\/wp\/v2\/types\/page"}],"author":[{"embeddable":true,"href":"https:\/\/www.winrevair.com\/es-us\/wp-json\/wp\/v2\/users\/389"}],"replies":[{"embeddable":true,"href":"https:\/\/www.winrevair.com\/es-us\/wp-json\/wp\/v2\/comments?post=501"}],"version-history":[{"count":7,"href":"https:\/\/www.winrevair.com\/es-us\/wp-json\/wp\/v2\/pages\/501\/revisions"}],"predecessor-version":[{"id":595,"href":"https:\/\/www.winrevair.com\/es-us\/wp-json\/wp\/v2\/pages\/501\/revisions\/595"}],"wp:attachment":[{"href":"https:\/\/www.winrevair.com\/es-us\/wp-json\/wp\/v2\/media?parent=501"}],"curies":[{"name":"wp","href":"https:\/\/api.w.org\/{rel}","templated":true}]}}