{"id":24,"date":"2024-01-18T18:28:53","date_gmt":"2024-01-18T18:28:53","guid":{"rendered":"https:\/\/www.winrevair.com\/?page_id=24"},"modified":"2025-06-05T10:01:05","modified_gmt":"2025-06-05T10:01:05","slug":"home","status":"publish","type":"page","link":"https:\/\/www.winrevair.com\/es-us\/","title":{"rendered":"Homepage"},"content":{"rendered":"<link rel='stylesheet' id='vivid360-row-module-css-css' href='https:\/\/www.winrevair.com\/es-us\/wp-content\/themes\/cex-wpvip-mhh-merck-vivid360-theme-1-12\/blocks\/row\/css\/style.min.css?ver=6.8.5' media='all' \/>\n\n<div style=\"border-width:0px;border-style:;border-radius:0;--desktopImageUrl:url(https:\/\/www.winrevair.com\/wp-content\/uploads\/sites\/151\/2024\/02\/HCC-Line.png?w=1440);--mobileImageUrl:url(https:\/\/www.winrevair.com\/wp-content\/uploads\/sites\/151\/2024\/02\/HCC-Line.png?w=768);--focalDesktopX:50%;--focalDesktopY:50%;--focalMobileX:50%;--focalMobileY:50%\" class=\"wp-block-vivid360-row vivid360-row hcp-wide-bg-width full-page-width\"><div class=\"stretch\" id=\"row0a5cea6c-8e42-4893-b19e-84184618f98d\"><div style=\"padding-top:0px;padding-bottom:0px;padding-right:0px;padding-left:0px\" class=\"row-content wide-width hcp-wide-width\"><link rel='stylesheet' id='vivid360-spacer-css-css' href='https:\/\/www.winrevair.com\/es-us\/wp-content\/themes\/cex-wpvip-mhh-merck-vivid360-theme-1-12\/blocks\/spacer\/css\/style.min.css?ver=1765194012' media='all' \/>\n\n<div style=\"background-color:transparent;--desktop-spacer:24px;--tablet-spacer:24px;--mobile-spacer:10px\" class=\"wp-block-vivid360-spacer vivid360-spacer-desktop vivid360-spacer-tablet vivid360-spacer-mobile\"><\/div>\n<\/div><\/div><\/div>\n\n\n\n<div style=\"border-width:0px;border-style:;border-radius:0;--desktopImageUrl:url(https:\/\/www.winrevair.com\/es-us\/wp-content\/uploads\/sites\/164\/2024\/12\/Hero-Banner.webp?w=1440);--mobileImageUrl:url(https:\/\/www.winrevair.com\/es-us\/wp-content\/uploads\/sites\/164\/2024\/12\/Hero-Bannermob.webp?w=768);--focalDesktopX:50%;--focalDesktopY:50%;--focalMobileX:50%;--focalMobileY:50%\" class=\"wp-block-vivid360-row vivid360-row hcp-wide-bg-width full-page-width\"><div class=\"stretch\" id=\"rowa1b73d6f-d481-4fab-981a-2b72f07d9ba1\"><div style=\"padding-top:0px;padding-bottom:0px;padding-right:0px;padding-left:0px\" class=\"row-content wide-width hcp-wide-width\">\n<div style=\"background-color:transparent;--desktop-spacer:157px;--mobile-spacer:85px;--tablet-spacer:157px\" class=\"wp-block-vivid360-spacer vivid360-spacer-desktop vivid360-spacer-mobile vivid360-spacer-tablet\"><\/div>\n\n\n\n<div class=\"wp-block-columns is-layout-flex wp-container-core-columns-is-layout-9d6595d7 wp-block-columns-is-layout-flex\">\n<div class=\"wp-block-column is-vertically-aligned-top is-layout-flow wp-block-column-is-layout-flow\"><link rel='stylesheet' id='vivid360-image-css-css' href='https:\/\/www.winrevair.com\/es-us\/wp-content\/themes\/cex-wpvip-mhh-merck-vivid360-theme-1-12\/blocks\/image\/css\/style.min.css?ver=1777396162' media='all' \/>\n\n<div class=\"wp-block-vivid360-image\"><div class=\"img-container mb-0 mt-0 ml-0 mr-0\"><figure class=\"wp-block-vivid360-image is-style-default has-mobile-image aligncenter size-large\"><img loading=\"lazy\" decoding=\"async\" width=\"470\" height=\"173\" src=\"https:\/\/www.winrevair.com\/es-us\/wp-content\/uploads\/sites\/164\/2024\/12\/Logo-KO.svg\" alt=\"\" class=\"wp-image-483  style-noshadow\" style=\"height:173px;width:470px\" srcset=\"https:\/\/www.winrevair.com\/es-us\/wp-content\/uploads\/sites\/164\/\/2024\/12\/Logo-KO.svg 470w, https:\/\/www.winrevair.com\/es-us\/wp-content\/uploads\/sites\/164\/\/2024\/12\/Logo-KO.svg?resize=300,110 300w\" sizes=\"auto, (max-width: 470px) 100vw, 470px\" \/><img decoding=\"async\" src=\"https:\/\/www.winrevair.com\/es-us\/wp-content\/uploads\/sites\/164\/2024\/12\/Brand-Logo-Mob-1.svg\" alt=\"WINREVAIR\u2122 (sotatercept-csrk) Logo\" class=\"wp-image-552  style-noshadow mobile-image\" width=\"auto\" height=\"auto\" title=\"\" style=\"height:auto;width:auto\"\/><\/figure><\/div><\/div>\n\n\n\n<div style=\"background-color:transparent;--desktop-spacer:8px;--tablet-spacer:8px;--mobile-spacer:24px\" class=\"wp-block-vivid360-spacer vivid360-spacer-desktop vivid360-spacer-tablet vivid360-spacer-mobile\"><\/div>\n\n\n\n<div style=\"background-color:transparent;--desktop-spacer:24px;--tablet-spacer:24px;--mobile-spacer:32px\" class=\"wp-block-vivid360-spacer vivid360-spacer-desktop vivid360-spacer-tablet vivid360-spacer-mobile\"><\/div>\n\n\n\n<div class=\"wp-block-vivid360-button-parent btn-block-container content-width button-justify-center\"><link rel='stylesheet' id='vivid360-button-block-css-css' href='https:\/\/www.winrevair.com\/es-us\/wp-content\/themes\/cex-wpvip-mhh-merck-vivid360-theme-1-12\/blocks\/button\/css\/style.min.css?ver=1765966675' media='all' \/>\n<link rel='stylesheet' id='vivid360-button-parent-block-css-css' href='https:\/\/www.winrevair.com\/es-us\/wp-content\/themes\/cex-wpvip-mhh-merck-vivid360-theme-1-12\/blocks\/button-parent\/css\/style.min.css?ver=6.8.5' media='all' \/>\n\n<div class=\"vivid360-button-block fullWidth-mobile\"><a class=\"btn primary primary-regular has-secondary-3-background-color has-primary-color hovered hoveredTextColor\" role=\"button\" aria-label=\"Ir a Informaci\u00f3n para el paciente\" style=\"font-size:14px;letter-spacing:0.86px;border-radius:4px;border-style:solid;justify-content:center;--hoverColor:#12233d;--hoverTextColor:#FFF;text-align:center;width:100%\" href=\"https:\/\/www.merck.com\/usa-labeling-translations\/winrevair_ppi_sp.pdf\" title=\"Ir a Informaci\u00f3n para el paciente\" target=\"_blank\" rel=\"noopener\" data-design-category=\"button\" data-design-label=\"Ir a Informaci\u00f3n para el paciente\" data-design-module=\"element\" data-event-name=\"element_click\">Ir a Informaci\u00f3n para el paciente<\/a><\/div>\n<\/div>\n<\/div>\n<\/div>\n\n\n\n<div style=\"background-color:transparent;--desktop-spacer:149px;--mobile-spacer:77px;--tablet-spacer:149px\" class=\"wp-block-vivid360-spacer vivid360-spacer-desktop vivid360-spacer-mobile vivid360-spacer-tablet\"><\/div>\n<\/div><\/div><\/div>\n\n\n\n<div style=\"border-width:0px;border-style:;border-radius:0;background-color: !important\" class=\"wp-block-vivid360-row vivid360-row hcp-wide-bg-width has-secondary-1-background-color full-page-width\"><div class=\"cropped\" id=\"row10963461-855d-409c-b288-f2eec3162ea5\"><div style=\"padding-top:40px;padding-bottom:40px;padding-right:0px;padding-left:0px\" class=\"row-content narrow-width hcp-wide-width\"><link rel='stylesheet' id='vivid360-heading-css-css' href='https:\/\/www.winrevair.com\/es-us\/wp-content\/themes\/cex-wpvip-mhh-merck-vivid360-theme-1-12\/blocks\/heading\/css\/style.min.css?ver=1765194012' media='all' \/>\n\n<div class=\"vivid360-heading default-hcp-tablet-fontsize\" id=\"a4fa9fcf8-98f9-4e6f-9f6a-2554a1a9bbde\"><h2 class=\"has-primary-dark-color has-text-align-center content-width fontWeightRegular\" style=\"--desktopFontSize:24px;--tabletFontSize:var(--h2FontSizeDesktop);--mobileFontSize:24px;--desktopLineHeightSize:36px;--tabletLineHeightSize:var(--h2LineHeightDesktop);--mobileLineHeightSize:;--tabletAlign:center;--mobileAlign:center\" id=\"\"><strong>\u00bfEs la primera vez que usas WINREVAIR?<\/strong><\/h2><\/div>\n\n\n\n<div style=\"background-color:transparent;--desktop-spacer:16px;--mobile-spacer:24px;--tablet-spacer:16px\" class=\"wp-block-vivid360-spacer vivid360-spacer-desktop vivid360-spacer-mobile vivid360-spacer-tablet\"><\/div>\n\n\n\n<p class=\"has-text-align-center has-dark-text-color has-text-color has-regular-font-size\">WINREVAIR es la marca comercial de sotatercept-csrk. Puede que tengas preguntas sobre tu tratamiento. Tenemos ciertos recursos que pueden ayudarte.<\/p>\n\n\n\n<div style=\"background-color:transparent;--desktop-spacer:16px;--mobile-spacer:16px;--tablet-spacer:16px\" class=\"wp-block-vivid360-spacer vivid360-spacer-desktop vivid360-spacer-mobile vivid360-spacer-tablet\"><\/div>\n\n\n\n<div class=\"wp-block-vivid360-button-parent btn-block-container content-width button-justify-center\">\n<div class=\"vivid360-button-block fullWidth-mobile\"><a class=\"btn primary primary-regular has-primary-background-color hovered hoveredTextColor\" role=\"button\" aria-label=\"Para Comenzar con WINREVAIR\" style=\"font-size:14px;letter-spacing:0.86px;border-radius:4px;border-style:solid;justify-content:center;--hoverColor:#356097;--hoverTextColor:#FFF;text-align:center;width:100%\" href=\"https:\/\/www.winrevair.com\/es-us\/recursos\/\" title=\"Para Comenzar con WINREVAIR\" target=\"_self\" rel=\"noopener\" data-design-category=\"button\" data-design-label=\"Para Comenzar con WINREVAIR\" data-design-module=\"element\" data-event-name=\"element_click\">Para Comenzar con WINREVAIR<\/a><\/div>\n<\/div>\n<\/div><\/div><\/div>\n\n\n\n<div style=\"border-width:0px;border-style:;border-radius:0;background-color: !important\" class=\"wp-block-vivid360-row vivid360-row hcp-wide-bg-width full-page-width\"><div class=\"cropped\" id=\"row11c37f48-baf9-45d9-9849-4b099e58ec95\"><div style=\"padding-top:0px;padding-bottom:0px;padding-right:0px;padding-left:0px\" class=\"row-content wide-width hcp-wide-width\">\n<div style=\"background-color:transparent;--desktop-spacer:90px;--mobile-spacer:24px;--tablet-spacer:90px\" class=\"wp-block-vivid360-spacer vivid360-spacer-desktop vivid360-spacer-mobile vivid360-spacer-tablet\"><\/div>\n\n\n\n<div class=\"wp-block-columns is-layout-flex wp-container-core-columns-is-layout-9d6595d7 wp-block-columns-is-layout-flex\">\n<div class=\"wp-block-column is-layout-flow wp-block-column-is-layout-flow\">\n<div class=\"wp-block-vivid360-image img-container mt-0 ml-0 mr-0 mb-0\"><figure class=\"wp-block-vivid360-image is-style-default has-mobile-image size-full\"><img loading=\"lazy\" decoding=\"async\" width=\"1656\" height=\"932\" src=\"https:\/\/www.winrevair.com\/es-us\/wp-content\/uploads\/sites\/164\/2024\/12\/taking-inj-desk.png\" alt=\"WINREVAIR\u2122 (sotatercept-csrk) vial de 45 mg\" class=\"wp-image-486  style-noshadow\" style=\"height:auto;width:auto\" srcset=\"https:\/\/www.winrevair.com\/es-us\/wp-content\/uploads\/sites\/164\/2024\/12\/taking-inj-desk.png 1656w, https:\/\/www.winrevair.com\/es-us\/wp-content\/uploads\/sites\/164\/2024\/12\/taking-inj-desk.png?resize=300,169 300w, https:\/\/www.winrevair.com\/es-us\/wp-content\/uploads\/sites\/164\/2024\/12\/taking-inj-desk.png?resize=768,432 768w, https:\/\/www.winrevair.com\/es-us\/wp-content\/uploads\/sites\/164\/2024\/12\/taking-inj-desk.png?resize=1024,576 1024w, https:\/\/www.winrevair.com\/es-us\/wp-content\/uploads\/sites\/164\/2024\/12\/taking-inj-desk.png?resize=1536,864 1536w\" sizes=\"auto, (max-width: 1656px) 100vw, 1656px\" \/><img decoding=\"async\" src=\"https:\/\/www.winrevair.com\/es-us\/wp-content\/uploads\/sites\/164\/2024\/12\/taking-inj-mob.png\" alt=\"WINREVAIR\u2122 (sotatercept-csrk) vial de 45 mg\" class=\"wp-image-487  style-noshadow mobile-image\" width=\"auto\" height=\"auto\" title=\"\" style=\"height:auto;width:auto\"\/><\/figure><\/div>\n<\/div>\n\n\n\n<div class=\"wp-block-column is-vertically-aligned-center is-layout-flow wp-block-column-is-layout-flow\">\n<div style=\"background-color:transparent;--desktop-spacer:8px;--mobile-spacer:8px;--tablet-spacer:8px\" class=\"wp-block-vivid360-spacer vivid360-spacer-desktop vivid360-spacer-mobile vivid360-spacer-tablet\"><\/div>\n\n\n\n<div class=\"vivid360-heading default-hcp-fontsize default-hcp-tablet-fontsize\" id=\"aa0d3d46e-f518-484f-8713-89251a1ee6b2\"><h2 class=\"has-primary-dark-color content-width fontWeightRegular\" style=\"--desktopFontSize:var(--h2FontSizeDesktop);--tabletFontSize:var(--h2FontSizeDesktop);--mobileFontSize:24px;--desktopLineHeightSize:var(--h2LineHeightDesktop);--tabletLineHeightSize:var(--h2LineHeightDesktop);--mobileLineHeightSize:\" id=\"\"><strong>C\u00f3mo Tomar WINREVAIR<\/strong><\/h2><\/div>\n\n\n\n<div style=\"background-color:transparent;--desktop-spacer:16px;--mobile-spacer:24px;--tablet-spacer:16px\" class=\"wp-block-vivid360-spacer vivid360-spacer-desktop vivid360-spacer-mobile vivid360-spacer-tablet\"><\/div>\n\n\n\n<p>T\u00fa o un cuidador pueden ver los videos de Instrucciones de uso en cualquier momento o consultar las Instrucciones de uso de este sitio web o de tu kit.<\/p>\n\n\n\n<div style=\"background-color:transparent;height:16px\" class=\"wp-block-vivid360-spacer vivid360-spacer spacer-16\"><\/div>\n\n\n\n<div class=\"wp-block-vivid360-button-parent btn-block-container content-width button-justify-left\">\n<div class=\"vivid360-button-block fullWidth-mobile\"><a class=\"btn primary primary-regular has-primary-background-color has-white-color hovered hoveredTextColor\" style=\"font-size:14px;letter-spacing:0.86px;border-radius:4px;border-style:solid;justify-content:center;--hoverColor:#356097;--hoverTextColor:#FFF;text-align:center;width:100%\" href=\"https:\/\/www.winrevair.com\/es-us\/como-tomar-winrevair\/\" title=\"Ver los videos\" target=\"_self\" rel=\"noopener\" data-design-category=\"button\" data-design-label=\"Ver los videos\" data-design-module=\"element\" data-event-name=\"element_click\">Ver los videos<\/a><\/div>\n<\/div>\n<\/div>\n<\/div>\n<\/div><\/div><\/div>\n\n\n\n<div style=\"border-width:0px;border-style:;border-radius:0;background-color: !important\" class=\"wp-block-vivid360-row vivid360-row hcp-wide-bg-width full-page-width\"><div class=\"cropped\" id=\"rowd9305e4a-ca4b-4f19-ab38-9009cecfb67d\"><div style=\"padding-top:0px;padding-bottom:0px;padding-right:0px;padding-left:0px\" class=\"row-content narrow-width hcp-wide-width\">\n<div style=\"background-color:transparent;--desktop-spacer:94px;--mobile-spacer:28px;--tablet-spacer:94px\" class=\"wp-block-vivid360-spacer vivid360-spacer-desktop vivid360-spacer-mobile vivid360-spacer-tablet\"><\/div>\n\n\n\n<div class=\"vivid360-heading default-hcp-tablet-fontsize\" id=\"a7e3ce2ba-360c-41ee-93b8-a094645ea799\"><h2 class=\"has-primary-dark-color has-text-align-center content-width fontWeightRegular\" style=\"--desktopFontSize:24px;--tabletFontSize:var(--h2FontSizeDesktop);--mobileFontSize:24px;--desktopLineHeightSize:36px;--tabletLineHeightSize:var(--h2LineHeightDesktop);--mobileLineHeightSize:;--tabletAlign:center;--mobileAlign:center\" id=\"\"><strong>\u00bfTienes una receta?<\/strong><br><strong>Descubre El Programa de Acceso de Merck.<\/strong><\/h2><\/div>\n\n\n\n<div style=\"background-color:transparent;--desktop-spacer:16px;--mobile-spacer:24px;--tablet-spacer:16px\" class=\"wp-block-vivid360-spacer vivid360-spacer-desktop vivid360-spacer-mobile vivid360-spacer-tablet\"><\/div>\n\n\n\n<p class=\"has-text-align-center\">Cuando te inscribas, te conectar\u00e1s con un orientador de pacientes de El Programa de Acceso de Merck que puede ayudarte a entender la cobertura de tu seguro, compartir informaci\u00f3n sobre los costos de bolsillo estimados y brindarte opciones de ayuda con los copagos.<\/p>\n\n\n\n<div style=\"background-color:transparent;height:16px\" class=\"wp-block-vivid360-spacer vivid360-spacer spacer-16\"><\/div>\n\n\n\n<div class=\"wp-block-vivid360-button-parent btn-block-container content-width button-justify-center\">\n<div class=\"vivid360-button-block fullWidth-mobile\"><a class=\"btn primary primary-regular has-primary-dark-background-color hovered hoveredTextColor\" style=\"font-size:14px;letter-spacing:0.86px;border-radius:4px;border-style:solid;justify-content:center;--hoverColor:#356097;--hoverTextColor:#FFF;text-align:center;width:100%\" href=\"https:\/\/www.merckaccessprogram-winrevair.com\/\" title=\"Inscr\u00edbete hoy\" target=\"_blank\" rel=\"noopener\" data-design-category=\"button\" data-design-label=\"Inscr\u00edbete hoy\" data-design-module=\"element\" data-event-name=\"element_click\">Inscr\u00edbete hoy<\/a><\/div>\n<\/div>\n\n\n\n<div style=\"background-color:transparent;--desktop-spacer:32px;--tablet-spacer:32px;--mobile-spacer:32px;height:32px\" class=\"wp-block-vivid360-spacer vivid360-spacer-desktop vivid360-spacer-tablet vivid360-spacer-mobile\"><\/div>\n<\/div><\/div><\/div>\n\n\n\n<div style=\"border-width:0px;border-style:;border-radius:0;background-color: !important\" class=\"wp-block-vivid360-row vivid360-row hcp-wide-bg-width has-white-color has-primary-dark-background-color full-page-width\"><div class=\"cropped\" id=\"row9f5dcc82-5e25-43dd-8a2d-a5d33621a314\"><div style=\"padding-top:0px;padding-bottom:0px;padding-right:0px;padding-left:0px\" class=\"row-content wide-width hcp-wide-width\">\n<div style=\"background-color:transparent;--desktop-spacer:24px;--mobile-spacer:32px;--tablet-spacer:24px\" class=\"wp-block-vivid360-spacer vivid360-spacer-desktop vivid360-spacer-mobile vivid360-spacer-tablet\"><\/div>\n\n\n\n<div class=\"wp-block-columns is-layout-flex wp-container-core-columns-is-layout-9d6595d7 wp-block-columns-is-layout-flex\">\n<div class=\"wp-block-column is-vertically-aligned-top is-layout-flow wp-block-column-is-layout-flow\" style=\"flex-basis:68%\">\n<div class=\"vivid360-heading default-hcp-tablet-fontsize\" id=\"a587a8a56-c550-4498-8b10-c99516642840\"><h2 class=\"content-width fontWeightRegular\" style=\"--desktopFontSize:24px;--tabletFontSize:var(--h2FontSizeDesktop);--mobileFontSize:20px;--desktopLineHeightSize:36px;--tabletLineHeightSize:var(--h2LineHeightDesktop);--mobileLineHeightSize:\" id=\"\"><strong>El Programa de Acceso de Merck<\/strong><\/h2><\/div>\n\n\n\n<div style=\"background-color:transparent;--desktop-spacer:2px;--mobile-spacer:8px;--tablet-spacer:2px\" class=\"wp-block-vivid360-spacer vivid360-spacer-desktop vivid360-spacer-mobile vivid360-spacer-tablet\"><\/div>\n\n\n\n<p>El Programa de Acceso de Merck puede proporcionar informaci\u00f3n sobre la cobertura de tu seguro y c\u00f3mo acceder a tus medicamentos.<\/p>\n\n\n\n<div style=\"background-color:transparent;height:16px\" class=\"wp-block-vivid360-spacer vivid360-spacer spacer-16\"><\/div>\n\n\n\n<p class=\"has-white-color has-text-color has-regular-font-size\"><a href=\"https:\/\/www.merckaccessprogram-winrevair.com\/\" target=\"_blank\" rel=\"noreferrer noopener\">M\u00e1s informaci\u00f3n<\/a><\/p>\n<\/div>\n\n\n\n<div class=\"wp-block-column is-layout-flow wp-block-column-is-layout-flow\" style=\"flex-basis:32%\"><\/div>\n<\/div>\n\n\n\n<div style=\"background-color:transparent;--desktop-spacer:32px;--mobile-spacer:16px;--tablet-spacer:32px\" class=\"wp-block-vivid360-spacer vivid360-spacer-desktop vivid360-spacer-mobile vivid360-spacer-tablet\"><\/div>\n<\/div><\/div><\/div>\n\n\n\n<div style=\"border-width:0px;border-style:;border-radius:0;background-color: !important\" class=\"wp-block-vivid360-row vivid360-row hcp-wide-bg-width has-white-color has-primary-background-color full-page-width\"><div class=\"cropped\" id=\"rowe3046993-86fc-4d0a-86f7-80947d62bfa5\"><div style=\"padding-top:40px;padding-bottom:40px;padding-right:0px;padding-left:0px\" class=\"row-content narrow-width hcp-wide-width\">\n<div class=\"paragraph-wrapper\"><div class=\"_bf191bb8-b579-4ef7-8742-d91c5c810172 \" id=\"\"><p class=\"has-text-align-left has-white-color has-text-color has-medium-font-size\">Si tienes alguna pregunta sobre WINREVAIR, consulta con tu proveedor de atenci\u00f3n m\u00e9dica o llama al <span class=\"no-wrap-text\"><strong>1-855-4WINREVAIR<\/strong><\/span> <span class=\"no-wrap-text\">(1-855-494-6738)<\/span>.<\/p><\/div><\/div>\n\n\n\n<div style=\"background-color:transparent;height:8px\" class=\"wp-block-vivid360-spacer vivid360-spacer spacer-8\"><\/div>\n<\/div><\/div><\/div>\n\n\n\n<div style=\"border-width:0px;border-style:;border-radius:0;background-color: !important\" class=\"wp-block-vivid360-row vivid360-row hcp-wide-bg-width full-page-width\"><div class=\"cropped\" id=\"row7a8382d2-82d2-4221-9104-bc75bab31d4d\"><div style=\"padding-top:40px;padding-bottom:40px;padding-right:0px;padding-left:0px\" class=\"row-content narrow-width hcp-wide-width\">\n<p class=\"has-text-align-center has-dark-text-color has-text-color has-link-color has-medium-font-size wp-elements-50d0619b74da6003325413afe34d6f86\">Se te recomienda que informes sobre cualquier efecto secundario negativo de medicamentos recetados a la FDA (Administraci\u00f3n de Alimentos y Medicamentos). Visita <a href=\"http:\/\/www.fda.gov\/medwatch\" target=\"_blank\" rel=\"noreferrer noopener\"><span class=\"interstitial-external-link\"><mark style=\"background-color:rgba(0, 0, 0, 0)\" class=\"has-inline-color has-dark-text-color\">www<span class=\"no-wrap-text\">.fda.gov\/medwatch<\/span><\/mark><\/span><\/a> o llama al <span class=\"no-wrap-text\">1-800-FDA-1088<\/span>.<\/p>\n<\/div><\/div><\/div>\n","protected":false},"excerpt":{"rendered":"","protected":false},"author":707,"featured_media":0,"parent":0,"menu_order":0,"comment_status":"closed","ping_status":"closed","template":"","meta":{"_acf_changed":false,"_trash_the_other_posts":false,"editor_notices":[],"footnotes":""},"class_list":["post-24","page","type-page","status-publish"],"yoast_head":"<!-- This site is optimized with the Yoast SEO plugin v27.4 - https:\/\/yoast.com\/product\/yoast-seo-wordpress\/ -->\n<title>WINREVAIR\u2122 (sotatercept-csrk) | Sitio Web Oficial para el Consumidor<\/title>\n<meta name=\"description\" content=\"M\u00e1s informaci\u00f3n sobre WINREVAIR, consulta la Informaci\u00f3n para el paciente y las Instrucciones de uso (kit de 1 vial, kit de 2 viales).\" \/>\n<meta name=\"robots\" content=\"index, follow, max-snippet:-1, max-image-preview:large, max-video-preview:-1\" \/>\n<link rel=\"canonical\" href=\"https:\/\/www.winrevair.com\/es-us\/\" \/>\n<meta property=\"og:locale\" content=\"en_US\" \/>\n<meta property=\"og:type\" content=\"article\" \/>\n<meta property=\"og:title\" content=\"WINREVAIR\u2122 (sotatercept-csrk) | Sitio Web Oficial para el Consumidor\" \/>\n<meta property=\"og:description\" content=\"M\u00e1s informaci\u00f3n sobre WINREVAIR, consulta la Informaci\u00f3n para el paciente y las Instrucciones de uso (kit de 1 vial, kit de 2 viales).\" \/>\n<meta property=\"og:url\" content=\"https:\/\/www.winrevair.com\/es-us\/\" \/>\n<meta property=\"og:site_name\" content=\"winrevair-es\" \/>\n<meta property=\"article:modified_time\" content=\"2025-06-05T10:01:05+00:00\" \/>\n<meta property=\"og:image\" content=\"https:\/\/www.winrevair.com\/es-us\/wp-content\/uploads\/sites\/164\/2024\/12\/Logo-KO.svg\" \/>\n<meta name=\"twitter:card\" content=\"summary_large_image\" \/>\n<meta name=\"twitter:label1\" content=\"Est. reading time\" \/>\n\t<meta name=\"twitter:data1\" content=\"2 minutes\" \/>\n<!-- \/ Yoast SEO plugin. -->","yoast_head_json":{"title":"WINREVAIR\u2122 (sotatercept-csrk) | Sitio Web Oficial para el Consumidor","description":"M\u00e1s informaci\u00f3n sobre WINREVAIR, consulta la Informaci\u00f3n para el paciente y las Instrucciones de uso (kit de 1 vial, kit de 2 viales).","robots":{"index":"index","follow":"follow","max-snippet":"max-snippet:-1","max-image-preview":"max-image-preview:large","max-video-preview":"max-video-preview:-1"},"canonical":"https:\/\/www.winrevair.com\/es-us\/","og_locale":"en_US","og_type":"article","og_title":"WINREVAIR\u2122 (sotatercept-csrk) | Sitio Web Oficial para el Consumidor","og_description":"M\u00e1s informaci\u00f3n sobre WINREVAIR, consulta la Informaci\u00f3n para el paciente y las Instrucciones de uso (kit de 1 vial, kit de 2 viales).","og_url":"https:\/\/www.winrevair.com\/es-us\/","og_site_name":"winrevair-es","article_modified_time":"2025-06-05T10:01:05+00:00","og_image":[{"url":"https:\/\/www.winrevair.com\/es-us\/wp-content\/uploads\/sites\/164\/2024\/12\/Logo-KO.svg","type":"","width":"","height":""}],"twitter_card":"summary_large_image","twitter_misc":{"Est. reading time":"2 minutes"},"schema":{"@context":"https:\/\/schema.org","@graph":[{"@type":"WebPage","@id":"https:\/\/www.winrevair.com\/es-us\/","url":"https:\/\/www.winrevair.com\/es-us\/","name":"WINREVAIR\u2122 (sotatercept-csrk) | Sitio Web Oficial para el Consumidor","isPartOf":{"@id":"https:\/\/www.winrevair.com\/es-us\/#website"},"primaryImageOfPage":{"@id":"https:\/\/www.winrevair.com\/es-us\/#primaryimage"},"image":{"@id":"https:\/\/www.winrevair.com\/es-us\/#primaryimage"},"thumbnailUrl":"https:\/\/www.winrevair.com\/es-us\/wp-content\/uploads\/sites\/164\/2024\/12\/Logo-KO.svg","datePublished":"2024-01-18T18:28:53+00:00","dateModified":"2025-06-05T10:01:05+00:00","description":"M\u00e1s informaci\u00f3n sobre WINREVAIR, consulta la Informaci\u00f3n para el paciente y las Instrucciones de uso (kit de 1 vial, kit de 2 viales).","breadcrumb":{"@id":"https:\/\/www.winrevair.com\/es-us\/#breadcrumb"},"inLanguage":"en-US","potentialAction":[{"@type":"ReadAction","target":["https:\/\/www.winrevair.com\/es-us\/"]}]},{"@type":"ImageObject","inLanguage":"en-US","@id":"https:\/\/www.winrevair.com\/es-us\/#primaryimage","url":"https:\/\/www.winrevair.com\/es-us\/wp-content\/uploads\/sites\/164\/2024\/12\/Logo-KO.svg","contentUrl":"https:\/\/www.winrevair.com\/es-us\/wp-content\/uploads\/sites\/164\/2024\/12\/Logo-KO.svg","width":470,"height":173},{"@type":"BreadcrumbList","@id":"https:\/\/www.winrevair.com\/es-us\/#breadcrumb","itemListElement":[{"@type":"ListItem","position":1,"name":"Home","item":"https:\/\/www.winrevair.com\/es-us\/"},{"@type":"ListItem","position":2,"name":"Homepage"}]},{"@type":"WebSite","@id":"https:\/\/www.winrevair.com\/es-us\/#website","url":"https:\/\/www.winrevair.com\/es-us\/","name":"winrevair-es","description":"","potentialAction":[{"@type":"SearchAction","target":{"@type":"EntryPoint","urlTemplate":"https:\/\/www.winrevair.com\/es-us\/?s={search_term_string}"},"query-input":{"@type":"PropertyValueSpecification","valueRequired":true,"valueName":"search_term_string"}}],"inLanguage":"en-US"}]}},"acf":[],"_links":{"self":[{"href":"https:\/\/www.winrevair.com\/es-us\/wp-json\/wp\/v2\/pages\/24","targetHints":{"allow":["GET"]}}],"collection":[{"href":"https:\/\/www.winrevair.com\/es-us\/wp-json\/wp\/v2\/pages"}],"about":[{"href":"https:\/\/www.winrevair.com\/es-us\/wp-json\/wp\/v2\/types\/page"}],"author":[{"embeddable":true,"href":"https:\/\/www.winrevair.com\/es-us\/wp-json\/wp\/v2\/users\/707"}],"replies":[{"embeddable":true,"href":"https:\/\/www.winrevair.com\/es-us\/wp-json\/wp\/v2\/comments?post=24"}],"version-history":[{"count":131,"href":"https:\/\/www.winrevair.com\/es-us\/wp-json\/wp\/v2\/pages\/24\/revisions"}],"predecessor-version":[{"id":591,"href":"https:\/\/www.winrevair.com\/es-us\/wp-json\/wp\/v2\/pages\/24\/revisions\/591"}],"wp:attachment":[{"href":"https:\/\/www.winrevair.com\/es-us\/wp-json\/wp\/v2\/media?parent=24"}],"curies":[{"name":"wp","href":"https:\/\/api.w.org\/{rel}","templated":true}]}}